{"id":1118,"date":"2022-02-22T11:03:43","date_gmt":"2022-02-22T17:03:43","guid":{"rendered":"https:\/\/kanoffmachining.com\/?page_id=1118"},"modified":"2026-01-06T18:03:45","modified_gmt":"2026-01-07T00:03:45","slug":"suppliers","status":"publish","type":"page","link":"https:\/\/kanoffmachining.com\/es\/suppliers\/","title":{"rendered":"Proveedores"},"content":{"rendered":"<div data-elementor-type=\"wp-page\" data-elementor-id=\"1118\" class=\"elementor elementor-1118\" data-elementor-post-type=\"page\">\n\t\t\t\t\t\t<section class=\"elementor-section elementor-top-section elementor-element elementor-element-d06d080 elementor-section-full_width elementor-section-height-default elementor-section-height-default\" data-id=\"d06d080\" data-element_type=\"section\" data-e-type=\"section\" data-settings=\"{&quot;background_background&quot;:&quot;classic&quot;}\">\n\t\t\t\t\t\t\t<div class=\"elementor-background-overlay\"><\/div>\n\t\t\t\t\t\t\t<div class=\"elementor-container elementor-column-gap-no\">\n\t\t\t\t\t<div class=\"elementor-column elementor-col-100 elementor-top-column elementor-element elementor-element-e151f66\" data-id=\"e151f66\" data-element_type=\"column\" data-e-type=\"column\">\n\t\t\t<div class=\"elementor-widget-wrap elementor-element-populated\">\n\t\t\t\t\t\t<div class=\"elementor-element elementor-element-28b7b23 elementor-widget elementor-widget-template\" data-id=\"28b7b23\" data-element_type=\"widget\" data-e-type=\"widget\" data-widget_type=\"template.default\">\n\t\t\t\t<div class=\"elementor-widget-container\">\n\t\t\t\t\t\t\t<div class=\"elementor-template\">\n\t\t\t\t\t<div data-elementor-type=\"section\" data-elementor-id=\"113\" class=\"elementor elementor-113\" data-elementor-post-type=\"elementor_library\">\n\t\t\t\t\t<section class=\"elementor-section elementor-top-section elementor-element elementor-element-e809620 elementor-section-height-min-height elementor-section-items-bottom elementor-section-boxed elementor-section-height-default\" data-id=\"e809620\" data-element_type=\"section\" data-e-type=\"section\" data-settings=\"{&quot;background_background&quot;:&quot;classic&quot;}\">\n\t\t\t\t\t\t\t<div class=\"elementor-background-overlay\"><\/div>\n\t\t\t\t\t\t\t<div class=\"elementor-container elementor-column-gap-default\">\n\t\t\t\t\t<div class=\"elementor-column elementor-col-100 elementor-top-column elementor-element elementor-element-de0a4f1\" data-id=\"de0a4f1\" data-element_type=\"column\" data-e-type=\"column\">\n\t\t\t<div class=\"elementor-widget-wrap elementor-element-populated\">\n\t\t\t\t\t\t<div class=\"elementor-element elementor-element-37a4298 elementor-widget elementor-widget-heading\" data-id=\"37a4298\" data-element_type=\"widget\" data-e-type=\"widget\" data-widget_type=\"heading.default\">\n\t\t\t\t<div class=\"elementor-widget-container\">\n\t\t\t\t\t<h1 class=\"elementor-heading-title elementor-size-xxl\">Proveedores<\/h1>\t\t\t\t<\/div>\n\t\t\t\t<\/div>\n\t\t\t\t<div class=\"elementor-element elementor-element-80d8e68 elementor-icon-list--layout-inline elementor-align-center elementor-list-item-link-full_width elementor-widget elementor-widget-icon-list\" data-id=\"80d8e68\" data-element_type=\"widget\" data-e-type=\"widget\" data-widget_type=\"icon-list.default\">\n\t\t\t\t<div class=\"elementor-widget-container\">\n\t\t\t\t\t\t\t<ul class=\"elementor-icon-list-items elementor-inline-items\">\n\t\t\t\t\t\t\t<li class=\"elementor-icon-list-item elementor-inline-item\">\n\t\t\t\t\t\t\t\t\t\t\t<a href=\"https:\/\/kanoffmachining.com\/es\">\n\n\t\t\t\t\t\t\t\t\t\t\t<span class=\"elementor-icon-list-text\">Inicio<\/span>\n\t\t\t\t\t\t\t\t\t\t\t<\/a>\n\t\t\t\t\t\t\t\t\t<\/li>\n\t\t\t\t\t\t\t\t<li class=\"elementor-icon-list-item elementor-inline-item\">\n\t\t\t\t\t\t\t\t\t\t\t<span class=\"elementor-icon-list-icon\">\n\t\t\t\t\t\t\t<i aria-hidden=\"true\" class=\"fas fa-chevron-right\"><\/i>\t\t\t\t\t\t<\/span>\n\t\t\t\t\t\t\t\t\t\t<span class=\"elementor-icon-list-text\">Proveedores<\/span>\n\t\t\t\t\t\t\t\t\t<\/li>\n\t\t\t\t\t\t<\/ul>\n\t\t\t\t\t\t<\/div>\n\t\t\t\t<\/div>\n\t\t\t\t\t<\/div>\n\t\t<\/div>\n\t\t\t\t\t<\/div>\n\t\t<\/section>\n\t\t\t\t<\/div>\n\t\t\t\t<\/div>\n\t\t\t\t\t\t<\/div>\n\t\t\t\t<\/div>\n\t\t\t\t\t<\/div>\n\t\t<\/div>\n\t\t\t\t\t<\/div>\n\t\t<\/section>\n\t\t\t\t<section class=\"elementor-section elementor-top-section elementor-element elementor-element-a880bd6 elementor-section-boxed elementor-section-height-default elementor-section-height-default\" data-id=\"a880bd6\" data-element_type=\"section\" data-e-type=\"section\" data-settings=\"{&quot;background_background&quot;:&quot;classic&quot;}\">\n\t\t\t\t\t\t<div class=\"elementor-container elementor-column-gap-default\">\n\t\t\t\t\t<div class=\"elementor-column elementor-col-100 elementor-top-column elementor-element elementor-element-3233677\" data-id=\"3233677\" data-element_type=\"column\" data-e-type=\"column\">\n\t\t\t<div class=\"elementor-widget-wrap elementor-element-populated\">\n\t\t\t\t\t\t<section class=\"elementor-section elementor-inner-section elementor-element elementor-element-16d88f1 elementor-section-boxed elementor-section-height-default elementor-section-height-default\" data-id=\"16d88f1\" data-element_type=\"section\" data-e-type=\"section\" data-settings=\"{&quot;background_background&quot;:&quot;classic&quot;}\">\n\t\t\t\t\t\t<div class=\"elementor-container elementor-column-gap-default\">\n\t\t\t\t\t<div class=\"elementor-column elementor-col-50 elementor-inner-column elementor-element elementor-element-45cc4cc\" data-id=\"45cc4cc\" data-element_type=\"column\" data-e-type=\"column\">\n\t\t\t<div class=\"elementor-widget-wrap elementor-element-populated\">\n\t\t\t\t\t\t<div class=\"elementor-element elementor-element-c880dd3 elementor-widget elementor-widget-image\" data-id=\"c880dd3\" data-element_type=\"widget\" data-e-type=\"widget\" data-widget_type=\"image.default\">\n\t\t\t\t<div class=\"elementor-widget-container\">\n\t\t\t\t\t\t\t\t\t\t\t\t\t\t\t<img fetchpriority=\"high\" decoding=\"async\" width=\"684\" height=\"1024\" src=\"https:\/\/kanoffmachining.com\/wp-content\/uploads\/2024\/03\/foto1-684x1024.jpg\" class=\"attachment-large size-large wp-image-1955\" alt=\"\" srcset=\"https:\/\/kanoffmachining.com\/wp-content\/uploads\/2024\/03\/foto1-684x1024.jpg 684w, https:\/\/kanoffmachining.com\/wp-content\/uploads\/2024\/03\/foto1-200x300.jpg 200w, https:\/\/kanoffmachining.com\/wp-content\/uploads\/2024\/03\/foto1-768x1151.jpg 768w, https:\/\/kanoffmachining.com\/wp-content\/uploads\/2024\/03\/foto1-1025x1536.jpg 1025w, https:\/\/kanoffmachining.com\/wp-content\/uploads\/2024\/03\/foto1-8x12.jpg 8w, https:\/\/kanoffmachining.com\/wp-content\/uploads\/2024\/03\/foto1.jpg 1068w\" sizes=\"(max-width: 684px) 100vw, 684px\" \/>\t\t\t\t\t\t\t\t\t\t\t\t\t\t\t<\/div>\n\t\t\t\t<\/div>\n\t\t\t\t<div class=\"elementor-element elementor-element-1a48152 elementor-widget__width-initial elementor-widget elementor-widget-text-editor\" data-id=\"1a48152\" data-element_type=\"widget\" data-e-type=\"widget\" data-widget_type=\"text-editor.default\">\n\t\t\t\t<div class=\"elementor-widget-container\">\n\t\t\t\t\t\t\t\t\t<p><strong>Nos comunicaremos con usted en 24 horas, o puede llamarnos todos los d\u00edas, de 09:00 a. m. a 12:00 p. m.<\/strong><\/p><h4><strong>Tel\u00e9fono. +52 81 1588 6031<\/strong><\/h4>\t\t\t\t\t\t\t\t<\/div>\n\t\t\t\t<\/div>\n\t\t\t\t\t<\/div>\n\t\t<\/div>\n\t\t\t\t<div class=\"elementor-column elementor-col-50 elementor-inner-column elementor-element elementor-element-dd7ac81\" data-id=\"dd7ac81\" data-element_type=\"column\" data-e-type=\"column\">\n\t\t\t<div class=\"elementor-widget-wrap elementor-element-populated\">\n\t\t\t\t\t\t<div class=\"elementor-element elementor-element-d29e0ef elementor-widget elementor-widget-text-editor\" data-id=\"d29e0ef\" data-element_type=\"widget\" data-e-type=\"widget\" data-widget_type=\"text-editor.default\">\n\t\t\t\t<div class=\"elementor-widget-container\">\n\t\t\t\t\t\t\t\t\t<p>En Kanoff Machining sabemos que nuestros proveedores son parte fundamental de la calidad de los productos\/servicios que ofrecemos a nuestros clientes. Por eso es importante contar con proveedores de excelencia.<\/p><p>Por favor complete este formulario si su empresa est\u00e1 interesada en ser parte de nuestro patr\u00f3n de proveedores. Nos comunicaremos con usted una vez que tengamos su informaci\u00f3n.<\/p>\t\t\t\t\t\t\t\t<\/div>\n\t\t\t\t<\/div>\n\t\t\t\t<div class=\"elementor-element elementor-element-82e393b elementor-button-align-stretch elementor-widget elementor-widget-form\" data-id=\"82e393b\" data-element_type=\"widget\" data-e-type=\"widget\" data-settings=\"{&quot;step_next_label&quot;:&quot;Next&quot;,&quot;step_previous_label&quot;:&quot;Previous&quot;,&quot;button_width&quot;:&quot;100&quot;,&quot;step_type&quot;:&quot;number_text&quot;,&quot;step_icon_shape&quot;:&quot;circle&quot;}\" data-widget_type=\"form.default\">\n\t\t\t\t<div class=\"elementor-widget-container\">\n\t\t\t\t\t\t\t<form class=\"elementor-form\" method=\"post\" name=\"Formulario\" aria-label=\"Formulario\" action=\"\">\n\t\t\t<input type=\"hidden\" name=\"post_id\" value=\"1118\"\/>\n\t\t\t<input type=\"hidden\" name=\"form_id\" value=\"82e393b\"\/>\n\t\t\t<input type=\"hidden\" name=\"referer_title\" value=\"Kanoff Machining\" \/>\n\n\t\t\t\n\t\t\t<div class=\"elementor-form-fields-wrapper elementor-labels-above\">\n\t\t\t\t\t\t\t\t<div class=\"elementor-field-type-text elementor-field-group elementor-column elementor-field-group-name elementor-col-50 elementor-field-required elementor-mark-required\">\n\t\t\t\t\t\t\t\t\t\t\t\t<label for=\"form-field-name\" class=\"elementor-field-label\">\n\t\t\t\t\t\t\t\tNombre\t\t\t\t\t\t\t<\/label>\n\t\t\t\t\t\t\t\t\t\t\t\t\t\t<input size=\"1\" type=\"text\" name=\"form_fields[name]\" id=\"form-field-name\" class=\"elementor-field elementor-size-md  elementor-field-textual\" required=\"required\">\n\t\t\t\t\t\t\t\t\t\t\t<\/div>\n\t\t\t\t\t\t\t\t<div class=\"elementor-field-type-text elementor-field-group elementor-column elementor-field-group-field_c4fdfec elementor-col-50 elementor-field-required elementor-mark-required\">\n\t\t\t\t\t\t\t\t\t\t\t\t<label for=\"form-field-field_c4fdfec\" class=\"elementor-field-label\">\n\t\t\t\t\t\t\t\tApellido\t\t\t\t\t\t\t<\/label>\n\t\t\t\t\t\t\t\t\t\t\t\t\t\t<input size=\"1\" type=\"text\" name=\"form_fields[field_c4fdfec]\" id=\"form-field-field_c4fdfec\" class=\"elementor-field elementor-size-md  elementor-field-textual\" required=\"required\">\n\t\t\t\t\t\t\t\t\t\t\t<\/div>\n\t\t\t\t\t\t\t\t<div class=\"elementor-field-type-email elementor-field-group elementor-column elementor-field-group-email elementor-col-50 elementor-field-required elementor-mark-required\">\n\t\t\t\t\t\t\t\t\t\t\t\t<label for=\"form-field-email\" class=\"elementor-field-label\">\n\t\t\t\t\t\t\t\tCorreo\t\t\t\t\t\t\t<\/label>\n\t\t\t\t\t\t\t\t\t\t\t\t\t\t<input size=\"1\" type=\"email\" name=\"form_fields[email]\" id=\"form-field-email\" class=\"elementor-field elementor-size-md  elementor-field-textual\" required=\"required\">\n\t\t\t\t\t\t\t\t\t\t\t<\/div>\n\t\t\t\t\t\t\t\t<div class=\"elementor-field-type-tel elementor-field-group elementor-column elementor-field-group-field_0837d8d elementor-col-50 elementor-field-required elementor-mark-required\">\n\t\t\t\t\t\t\t\t\t\t\t\t<label for=\"form-field-field_0837d8d\" class=\"elementor-field-label\">\n\t\t\t\t\t\t\t\tTel\u00e9fono\t\t\t\t\t\t\t<\/label>\n\t\t\t\t\t\t\t\t<input size=\"1\" type=\"tel\" name=\"form_fields[field_0837d8d]\" id=\"form-field-field_0837d8d\" class=\"elementor-field elementor-size-md  elementor-field-textual\" required=\"required\" pattern=\"[0-9()#&amp;+*-=.]+\" title=\"Only numbers and phone characters (#, -, *, etc) are accepted.\">\n\n\t\t\t\t\t\t<\/div>\n\t\t\t\t\t\t\t\t<div class=\"elementor-field-type-text elementor-field-group elementor-column elementor-field-group-field_6fc9610 elementor-col-50\">\n\t\t\t\t\t\t\t\t\t\t\t\t<label for=\"form-field-field_6fc9610\" class=\"elementor-field-label\">\n\t\t\t\t\t\t\t\tEmpresa\t\t\t\t\t\t\t<\/label>\n\t\t\t\t\t\t\t\t\t\t\t\t\t\t<input size=\"1\" type=\"text\" name=\"form_fields[field_6fc9610]\" id=\"form-field-field_6fc9610\" class=\"elementor-field elementor-size-md  elementor-field-textual\">\n\t\t\t\t\t\t\t\t\t\t\t<\/div>\n\t\t\t\t\t\t\t\t<div class=\"elementor-field-type-text elementor-field-group elementor-column elementor-field-group-field_8fb8284 elementor-col-50\">\n\t\t\t\t\t\t\t\t\t\t\t\t<label for=\"form-field-field_8fb8284\" class=\"elementor-field-label\">\n\t\t\t\t\t\t\t\tUbicaci\u00f3n de la Empresa\t\t\t\t\t\t\t<\/label>\n\t\t\t\t\t\t\t\t\t\t\t\t\t\t<input size=\"1\" type=\"text\" name=\"form_fields[field_8fb8284]\" id=\"form-field-field_8fb8284\" class=\"elementor-field elementor-size-md  elementor-field-textual\">\n\t\t\t\t\t\t\t\t\t\t\t<\/div>\n\t\t\t\t\t\t\t\t<div class=\"elementor-field-type-textarea elementor-field-group elementor-column elementor-field-group-field_dd49807 elementor-col-50\">\n\t\t\t\t\t\t\t\t\t\t\t\t<label for=\"form-field-field_dd49807\" class=\"elementor-field-label\">\n\t\t\t\t\t\t\t\tDescripci\u00f3n de la Empresa\t\t\t\t\t\t\t<\/label>\n\t\t\t\t\t\t<textarea class=\"elementor-field-textual elementor-field  elementor-size-md\" name=\"form_fields[field_dd49807]\" id=\"form-field-field_dd49807\" rows=\"4\"><\/textarea>\t\t\t\t<\/div>\n\t\t\t\t\t\t\t\t<div class=\"elementor-field-type-textarea elementor-field-group elementor-column elementor-field-group-message elementor-col-50\">\n\t\t\t\t\t\t\t\t\t\t\t\t<label for=\"form-field-message\" class=\"elementor-field-label\">\n\t\t\t\t\t\t\t\tMensaje\t\t\t\t\t\t\t<\/label>\n\t\t\t\t\t\t<textarea class=\"elementor-field-textual elementor-field  elementor-size-md\" name=\"form_fields[message]\" id=\"form-field-message\" rows=\"4\"><\/textarea>\t\t\t\t<\/div>\n\t\t\t\t\t\t\t\t<div class=\"elementor-field-type-upload elementor-field-group elementor-column elementor-field-group-field_2093c2b elementor-col-100\">\n\t\t\t\t\t\t\t\t\t\t\t\t<label for=\"form-field-field_2093c2b\" class=\"elementor-field-label\">\n\t\t\t\t\t\t\t\tIf you consider it, attach a file: CV, Presentation or Brochure. (File types: .pdf, .doc, .docx, .jpg \/limit 10mb)\t\t\t\t\t\t\t<\/label>\n\t\t\t\t\t\t\t\t<input type=\"file\" name=\"form_fields[field_2093c2b][]\" id=\"form-field-field_2093c2b\" class=\"elementor-field elementor-size-md  elementor-upload-field\" multiple=\"multiple\" data-maxsize=\"10\" data-maxsize-message=\"This file exceeds the maximum allowed size.\">\n\n\t\t\t\t\t\t<\/div>\n\t\t\t\t\t\t\t\t<div class=\"elementor-field-type-recaptcha elementor-field-group elementor-column elementor-field-group-field_55c90fe elementor-col-100\">\n\t\t\t\t\t<div class=\"elementor-field\" id=\"form-field-field_55c90fe\"><div class=\"elementor-g-recaptcha\" data-sitekey=\"6Ldwkc0pAAAAAK76jKZOTWAVZzgLEKzmv516rRM8\" data-type=\"v2_checkbox\" data-theme=\"light\" data-size=\"normal\"><\/div><\/div>\t\t\t\t<\/div>\n\t\t\t\t\t\t\t\t<div class=\"elementor-field-type-recaptcha_v3 elementor-field-group elementor-column elementor-field-group-field_f16f26b elementor-col-100 recaptcha_v3-bottomright\">\n\t\t\t\t\t<div class=\"elementor-field\" id=\"form-field-field_f16f26b\"><div class=\"elementor-g-recaptcha\" data-sitekey=\"6LdxWj0rAAAAAPOlpRs9qSfeYTqafnIZw1t7E4-e\" data-type=\"v3\" data-action=\"Form\" data-badge=\"bottomright\" data-size=\"invisible\"><\/div><\/div>\t\t\t\t<\/div>\n\t\t\t\t\t\t\t\t<div class=\"elementor-field-group elementor-column elementor-field-type-submit elementor-col-100 e-form__buttons\">\n\t\t\t\t\t<button class=\"elementor-button elementor-size-sm\" type=\"submit\">\n\t\t\t\t\t\t<span class=\"elementor-button-content-wrapper\">\n\t\t\t\t\t\t\t\t\t\t\t\t\t\t\t\t\t\t\t\t\t\t<span class=\"elementor-button-text\">Enviar<\/span>\n\t\t\t\t\t\t\t\t\t\t\t\t\t<\/span>\n\t\t\t\t\t<\/button>\n\t\t\t\t<\/div>\n\t\t\t<\/div>\n\t\t<input type=\"hidden\" name=\"trp-form-language\" value=\"es\"\/><\/form>\n\t\t\t\t\t\t<\/div>\n\t\t\t\t<\/div>\n\t\t\t\t\t<\/div>\n\t\t<\/div>\n\t\t\t\t\t<\/div>\n\t\t<\/section>\n\t\t\t\t\t<\/div>\n\t\t<\/div>\n\t\t\t\t\t<\/div>\n\t\t<\/section>\n\t\t\t\t<\/div>","protected":false},"excerpt":{"rendered":"<p>We will get back to you with 24 hours, or you can call us everyday, 09:00 AM \u2013 12:00 PM Phone. +52 81 1588 6031 At Kanoff Machining we know that our suppliers are a fundamental part of the quality of the products\/services that we offer to our clients. That is why it is important [&hellip;]<\/p>","protected":false},"author":1,"featured_media":0,"parent":0,"menu_order":0,"comment_status":"closed","ping_status":"closed","template":"","meta":{"_joinchat":[],"footnotes":""},"class_list":["post-1118","page","type-page","status-publish","hentry"],"yoast_head":"<!-- This site is optimized with the Yoast SEO plugin v27.4 - https:\/\/yoast.com\/product\/yoast-seo-wordpress\/ -->\n<title>Suppliers - Kanoff Machining<\/title>\n<meta name=\"robots\" content=\"index, follow, max-snippet:-1, max-image-preview:large, max-video-preview:-1\" \/>\n<link rel=\"canonical\" href=\"https:\/\/kanoffmachining.com\/es\/suppliers\/\" \/>\n<meta property=\"og:locale\" content=\"es_MX\" \/>\n<meta property=\"og:type\" content=\"article\" \/>\n<meta property=\"og:title\" content=\"Suppliers - Kanoff Machining\" \/>\n<meta property=\"og:description\" content=\"We will get back to you with 24 hours, or you can call us everyday, 09:00 AM \u2013 12:00 PM Phone. +52 81 1588 6031 At Kanoff Machining we know that our suppliers are a fundamental part of the quality of the products\/services that we offer to our clients. That is why it is important [&hellip;]\" \/>\n<meta property=\"og:url\" content=\"https:\/\/kanoffmachining.com\/es\/suppliers\/\" \/>\n<meta property=\"og:site_name\" content=\"Kanoff Machining\" \/>\n<meta property=\"article:modified_time\" content=\"2026-01-07T00:03:45+00:00\" \/>\n<meta property=\"og:image\" content=\"https:\/\/kanoffmachining.com\/wp-content\/uploads\/2024\/03\/foto1.jpg\" \/>\n\t<meta property=\"og:image:width\" content=\"1068\" \/>\n\t<meta property=\"og:image:height\" content=\"1600\" \/>\n\t<meta property=\"og:image:type\" content=\"image\/jpeg\" \/>\n<meta name=\"twitter:card\" content=\"summary_large_image\" \/>\n<meta name=\"twitter:label1\" content=\"Tiempo de lectura\" \/>\n\t<meta name=\"twitter:data1\" content=\"1 minuto\" \/>\n<script type=\"application\/ld+json\" class=\"yoast-schema-graph\">{\"@context\":\"https:\\\/\\\/schema.org\",\"@graph\":[{\"@type\":\"WebPage\",\"@id\":\"https:\\\/\\\/kanoffmachining.com\\\/suppliers\\\/\",\"url\":\"https:\\\/\\\/kanoffmachining.com\\\/suppliers\\\/\",\"name\":\"Suppliers - Kanoff Machining\",\"isPartOf\":{\"@id\":\"https:\\\/\\\/kanoffmachining.com\\\/#website\"},\"primaryImageOfPage\":{\"@id\":\"https:\\\/\\\/kanoffmachining.com\\\/suppliers\\\/#primaryimage\"},\"image\":{\"@id\":\"https:\\\/\\\/kanoffmachining.com\\\/suppliers\\\/#primaryimage\"},\"thumbnailUrl\":\"https:\\\/\\\/kanoffmachining.com\\\/wp-content\\\/uploads\\\/2024\\\/03\\\/foto1-684x1024.jpg\",\"datePublished\":\"2022-02-22T17:03:43+00:00\",\"dateModified\":\"2026-01-07T00:03:45+00:00\",\"breadcrumb\":{\"@id\":\"https:\\\/\\\/kanoffmachining.com\\\/suppliers\\\/#breadcrumb\"},\"inLanguage\":\"es\",\"potentialAction\":[{\"@type\":\"ReadAction\",\"target\":[\"https:\\\/\\\/kanoffmachining.com\\\/suppliers\\\/\"]}]},{\"@type\":\"ImageObject\",\"inLanguage\":\"es\",\"@id\":\"https:\\\/\\\/kanoffmachining.com\\\/suppliers\\\/#primaryimage\",\"url\":\"https:\\\/\\\/kanoffmachining.com\\\/wp-content\\\/uploads\\\/2024\\\/03\\\/foto1-684x1024.jpg\",\"contentUrl\":\"https:\\\/\\\/kanoffmachining.com\\\/wp-content\\\/uploads\\\/2024\\\/03\\\/foto1-684x1024.jpg\"},{\"@type\":\"BreadcrumbList\",\"@id\":\"https:\\\/\\\/kanoffmachining.com\\\/suppliers\\\/#breadcrumb\",\"itemListElement\":[{\"@type\":\"ListItem\",\"position\":1,\"name\":\"Home\",\"item\":\"https:\\\/\\\/kanoffmachining.com\\\/\"},{\"@type\":\"ListItem\",\"position\":2,\"name\":\"Suppliers\"}]},{\"@type\":\"WebSite\",\"@id\":\"https:\\\/\\\/kanoffmachining.com\\\/#website\",\"url\":\"https:\\\/\\\/kanoffmachining.com\\\/\",\"name\":\"Kanoff Machining\",\"description\":\"Machined Castings\",\"publisher\":{\"@id\":\"https:\\\/\\\/kanoffmachining.com\\\/#organization\"},\"alternateName\":\"Kanoff\",\"potentialAction\":[{\"@type\":\"SearchAction\",\"target\":{\"@type\":\"EntryPoint\",\"urlTemplate\":\"https:\\\/\\\/kanoffmachining.com\\\/?s={search_term_string}\"},\"query-input\":{\"@type\":\"PropertyValueSpecification\",\"valueRequired\":true,\"valueName\":\"search_term_string\"}}],\"inLanguage\":\"es\"},{\"@type\":\"Organization\",\"@id\":\"https:\\\/\\\/kanoffmachining.com\\\/#organization\",\"name\":\"Kanoff Machining\",\"alternateName\":\"Kanoff\",\"url\":\"https:\\\/\\\/kanoffmachining.com\\\/\",\"logo\":{\"@type\":\"ImageObject\",\"inLanguage\":\"es\",\"@id\":\"https:\\\/\\\/kanoffmachining.com\\\/#\\\/schema\\\/logo\\\/image\\\/\",\"url\":\"https:\\\/\\\/kanoffmachining.com\\\/wp-content\\\/uploads\\\/2020\\\/11\\\/kanofflogo2.png\",\"contentUrl\":\"https:\\\/\\\/kanoffmachining.com\\\/wp-content\\\/uploads\\\/2020\\\/11\\\/kanofflogo2.png\",\"width\":254,\"height\":98,\"caption\":\"Kanoff Machining\"},\"image\":{\"@id\":\"https:\\\/\\\/kanoffmachining.com\\\/#\\\/schema\\\/logo\\\/image\\\/\"}}]}<\/script>\n<!-- \/ Yoast SEO plugin. -->","yoast_head_json":{"title":"Suppliers - Kanoff Machining","robots":{"index":"index","follow":"follow","max-snippet":"max-snippet:-1","max-image-preview":"max-image-preview:large","max-video-preview":"max-video-preview:-1"},"canonical":"https:\/\/kanoffmachining.com\/es\/suppliers\/","og_locale":"es_MX","og_type":"article","og_title":"Suppliers - Kanoff Machining","og_description":"We will get back to you with 24 hours, or you can call us everyday, 09:00 AM \u2013 12:00 PM Phone. +52 81 1588 6031 At Kanoff Machining we know that our suppliers are a fundamental part of the quality of the products\/services that we offer to our clients. That is why it is important [&hellip;]","og_url":"https:\/\/kanoffmachining.com\/es\/suppliers\/","og_site_name":"Kanoff Machining","article_modified_time":"2026-01-07T00:03:45+00:00","og_image":[{"width":1068,"height":1600,"url":"https:\/\/kanoffmachining.com\/wp-content\/uploads\/2024\/03\/foto1.jpg","type":"image\/jpeg"}],"twitter_card":"summary_large_image","twitter_misc":{"Tiempo de lectura":"1 minuto"},"schema":{"@context":"https:\/\/schema.org","@graph":[{"@type":"WebPage","@id":"https:\/\/kanoffmachining.com\/suppliers\/","url":"https:\/\/kanoffmachining.com\/suppliers\/","name":"Suppliers - Kanoff Machining","isPartOf":{"@id":"https:\/\/kanoffmachining.com\/#website"},"primaryImageOfPage":{"@id":"https:\/\/kanoffmachining.com\/suppliers\/#primaryimage"},"image":{"@id":"https:\/\/kanoffmachining.com\/suppliers\/#primaryimage"},"thumbnailUrl":"https:\/\/kanoffmachining.com\/wp-content\/uploads\/2024\/03\/foto1-684x1024.jpg","datePublished":"2022-02-22T17:03:43+00:00","dateModified":"2026-01-07T00:03:45+00:00","breadcrumb":{"@id":"https:\/\/kanoffmachining.com\/suppliers\/#breadcrumb"},"inLanguage":"es","potentialAction":[{"@type":"ReadAction","target":["https:\/\/kanoffmachining.com\/suppliers\/"]}]},{"@type":"ImageObject","inLanguage":"es","@id":"https:\/\/kanoffmachining.com\/suppliers\/#primaryimage","url":"https:\/\/kanoffmachining.com\/wp-content\/uploads\/2024\/03\/foto1-684x1024.jpg","contentUrl":"https:\/\/kanoffmachining.com\/wp-content\/uploads\/2024\/03\/foto1-684x1024.jpg"},{"@type":"BreadcrumbList","@id":"https:\/\/kanoffmachining.com\/suppliers\/#breadcrumb","itemListElement":[{"@type":"ListItem","position":1,"name":"Home","item":"https:\/\/kanoffmachining.com\/"},{"@type":"ListItem","position":2,"name":"Suppliers"}]},{"@type":"WebSite","@id":"https:\/\/kanoffmachining.com\/#website","url":"https:\/\/kanoffmachining.com\/","name":"Kanoff Machining","description":"Machined Castings","publisher":{"@id":"https:\/\/kanoffmachining.com\/#organization"},"alternateName":"Kanoff","potentialAction":[{"@type":"SearchAction","target":{"@type":"EntryPoint","urlTemplate":"https:\/\/kanoffmachining.com\/?s={search_term_string}"},"query-input":{"@type":"PropertyValueSpecification","valueRequired":true,"valueName":"search_term_string"}}],"inLanguage":"es"},{"@type":"Organization","@id":"https:\/\/kanoffmachining.com\/#organization","name":"Kanoff Machining","alternateName":"Kanoff","url":"https:\/\/kanoffmachining.com\/","logo":{"@type":"ImageObject","inLanguage":"es","@id":"https:\/\/kanoffmachining.com\/#\/schema\/logo\/image\/","url":"https:\/\/kanoffmachining.com\/wp-content\/uploads\/2020\/11\/kanofflogo2.png","contentUrl":"https:\/\/kanoffmachining.com\/wp-content\/uploads\/2020\/11\/kanofflogo2.png","width":254,"height":98,"caption":"Kanoff Machining"},"image":{"@id":"https:\/\/kanoffmachining.com\/#\/schema\/logo\/image\/"}}]}},"_links":{"self":[{"href":"https:\/\/kanoffmachining.com\/es\/wp-json\/wp\/v2\/pages\/1118","targetHints":{"allow":["GET"]}}],"collection":[{"href":"https:\/\/kanoffmachining.com\/es\/wp-json\/wp\/v2\/pages"}],"about":[{"href":"https:\/\/kanoffmachining.com\/es\/wp-json\/wp\/v2\/types\/page"}],"author":[{"embeddable":true,"href":"https:\/\/kanoffmachining.com\/es\/wp-json\/wp\/v2\/users\/1"}],"replies":[{"embeddable":true,"href":"https:\/\/kanoffmachining.com\/es\/wp-json\/wp\/v2\/comments?post=1118"}],"version-history":[{"count":102,"href":"https:\/\/kanoffmachining.com\/es\/wp-json\/wp\/v2\/pages\/1118\/revisions"}],"predecessor-version":[{"id":3241,"href":"https:\/\/kanoffmachining.com\/es\/wp-json\/wp\/v2\/pages\/1118\/revisions\/3241"}],"wp:attachment":[{"href":"https:\/\/kanoffmachining.com\/es\/wp-json\/wp\/v2\/media?parent=1118"}],"curies":[{"name":"wp","href":"https:\/\/api.w.org\/{rel}","templated":true}]}}