{"id":1538,"date":"2024-01-17T13:12:54","date_gmt":"2024-01-17T19:12:54","guid":{"rendered":"https:\/\/kanoffmachining.com\/?page_id=1538"},"modified":"2025-03-10T13:18:15","modified_gmt":"2025-03-10T19:18:15","slug":"contact","status":"publish","type":"page","link":"https:\/\/kanoffmachining.com\/es\/contact\/","title":{"rendered":"Contacto"},"content":{"rendered":"<div data-elementor-type=\"wp-page\" data-elementor-id=\"1538\" class=\"elementor elementor-1538\" data-elementor-post-type=\"page\">\n\t\t\t\t\t\t<section class=\"elementor-section elementor-top-section elementor-element elementor-element-9bf35fe elementor-section-height-min-height elementor-section-boxed elementor-section-height-default elementor-section-items-middle\" data-id=\"9bf35fe\" data-element_type=\"section\" data-e-type=\"section\" data-settings=\"{&quot;background_background&quot;:&quot;classic&quot;}\">\n\t\t\t\t\t\t<div class=\"elementor-container elementor-column-gap-default\">\n\t\t\t\t\t<div class=\"elementor-column elementor-col-100 elementor-top-column elementor-element elementor-element-64c59f3\" data-id=\"64c59f3\" data-element_type=\"column\" data-e-type=\"column\">\n\t\t\t<div class=\"elementor-widget-wrap elementor-element-populated\">\n\t\t\t\t\t\t<div class=\"elementor-element elementor-element-69d5807 elementor-widget elementor-widget-spacer\" data-id=\"69d5807\" data-element_type=\"widget\" data-e-type=\"widget\" data-widget_type=\"spacer.default\">\n\t\t\t\t<div class=\"elementor-widget-container\">\n\t\t\t\t\t\t\t<div class=\"elementor-spacer\">\n\t\t\t<div class=\"elementor-spacer-inner\"><\/div>\n\t\t<\/div>\n\t\t\t\t\t\t<\/div>\n\t\t\t\t<\/div>\n\t\t\t\t\t<\/div>\n\t\t<\/div>\n\t\t\t\t\t<\/div>\n\t\t<\/section>\n\t\t\t\t<section class=\"elementor-section elementor-top-section elementor-element elementor-element-73e752f elementor-section-height-min-height elementor-section-boxed elementor-section-height-default elementor-section-items-middle\" data-id=\"73e752f\" data-element_type=\"section\" data-e-type=\"section\" data-settings=\"{&quot;background_background&quot;:&quot;gradient&quot;}\">\n\t\t\t\t\t\t<div class=\"elementor-container elementor-column-gap-default\">\n\t\t\t\t\t<div class=\"elementor-column elementor-col-100 elementor-top-column elementor-element elementor-element-5e5dc3a\" data-id=\"5e5dc3a\" data-element_type=\"column\" data-e-type=\"column\">\n\t\t\t<div class=\"elementor-widget-wrap\">\n\t\t\t\t\t\t\t<\/div>\n\t\t<\/div>\n\t\t\t\t\t<\/div>\n\t\t<\/section>\n\t\t\t\t<section class=\"elementor-section elementor-top-section elementor-element elementor-element-1e14888 elementor-section-full_width elementor-section-height-default elementor-section-height-default\" data-id=\"1e14888\" data-element_type=\"section\" data-e-type=\"section\">\n\t\t\t\t\t\t<div class=\"elementor-container elementor-column-gap-no\">\n\t\t\t\t\t<div class=\"elementor-column elementor-col-100 elementor-top-column elementor-element elementor-element-05639f3\" data-id=\"05639f3\" data-element_type=\"column\" data-e-type=\"column\">\n\t\t\t<div class=\"elementor-widget-wrap elementor-element-populated\">\n\t\t\t\t\t\t<div class=\"elementor-element elementor-element-a9de09f elementor-widget elementor-widget-google_maps\" data-id=\"a9de09f\" data-element_type=\"widget\" data-e-type=\"widget\" data-widget_type=\"google_maps.default\">\n\t\t\t\t<div class=\"elementor-widget-container\">\n\t\t\t\t\t\t\t<div class=\"elementor-custom-embed\">\n\t\t\t<iframe loading=\"lazy\"\n\t\t\t\t\tsrc=\"https:\/\/maps.google.com\/maps?q=kanoff&#038;t=m&#038;z=14&#038;output=embed&#038;iwloc=near\"\n\t\t\t\t\ttitle=\"kanoff\"\n\t\t\t\t\taria-label=\"kanoff\"\n\t\t\t><\/iframe>\n\t\t<\/div>\n\t\t\t\t\t\t<\/div>\n\t\t\t\t<\/div>\n\t\t\t\t\t<\/div>\n\t\t<\/div>\n\t\t\t\t\t<\/div>\n\t\t<\/section>\n\t\t\t\t<section class=\"elementor-section elementor-top-section elementor-element elementor-element-1be687c elementor-section-boxed elementor-section-height-default elementor-section-height-default\" data-id=\"1be687c\" data-element_type=\"section\" data-e-type=\"section\" data-settings=\"{&quot;background_background&quot;:&quot;classic&quot;}\">\n\t\t\t\t\t\t<div class=\"elementor-container elementor-column-gap-default\">\n\t\t\t\t\t<div class=\"elementor-column elementor-col-100 elementor-top-column elementor-element elementor-element-e78d40a\" data-id=\"e78d40a\" data-element_type=\"column\" data-e-type=\"column\">\n\t\t\t<div class=\"elementor-widget-wrap elementor-element-populated\">\n\t\t\t\t\t\t<section class=\"elementor-section elementor-inner-section elementor-element elementor-element-da9090a elementor-section-boxed elementor-section-height-default elementor-section-height-default\" data-id=\"da9090a\" data-element_type=\"section\" data-e-type=\"section\">\n\t\t\t\t\t\t<div class=\"elementor-container elementor-column-gap-default\">\n\t\t\t\t\t<div class=\"elementor-column elementor-col-100 elementor-inner-column elementor-element elementor-element-45700aa\" data-id=\"45700aa\" data-element_type=\"column\" data-e-type=\"column\">\n\t\t\t<div class=\"elementor-widget-wrap elementor-element-populated\">\n\t\t\t\t\t\t<div class=\"elementor-element elementor-element-8c436b9 elementor-widget elementor-widget-heading\" data-id=\"8c436b9\" data-element_type=\"widget\" data-e-type=\"widget\" data-widget_type=\"heading.default\">\n\t\t\t\t<div class=\"elementor-widget-container\">\n\t\t\t\t\t<h2 class=\"elementor-heading-title elementor-size-default\">Informaci\u00f3n de Contacto<\/h2>\t\t\t\t<\/div>\n\t\t\t\t<\/div>\n\t\t\t\t\t<\/div>\n\t\t<\/div>\n\t\t\t\t\t<\/div>\n\t\t<\/section>\n\t\t\t\t<section class=\"elementor-section elementor-inner-section elementor-element elementor-element-9227996 elementor-section-boxed elementor-section-height-default elementor-section-height-default\" data-id=\"9227996\" data-element_type=\"section\" data-e-type=\"section\">\n\t\t\t\t\t\t<div class=\"elementor-container elementor-column-gap-default\">\n\t\t\t\t\t<div class=\"elementor-column elementor-col-25 elementor-inner-column elementor-element elementor-element-b326234\" data-id=\"b326234\" data-element_type=\"column\" data-e-type=\"column\">\n\t\t\t<div class=\"elementor-widget-wrap elementor-element-populated\">\n\t\t\t\t\t\t<div class=\"elementor-element elementor-element-35b4c74 elementor-view-stacked elementor-mobile-position-inline-start elementor-widget-mobile__width-inherit elementor-shape-circle elementor-widget elementor-widget-icon-box\" data-id=\"35b4c74\" data-element_type=\"widget\" data-e-type=\"widget\" data-widget_type=\"icon-box.default\">\n\t\t\t\t<div class=\"elementor-widget-container\">\n\t\t\t\t\t\t\t<div class=\"elementor-icon-box-wrapper\">\n\n\t\t\t\t\t\t<div class=\"elementor-icon-box-icon\">\n\t\t\t\t<span  class=\"elementor-icon\">\n\t\t\t\t<i aria-hidden=\"true\" class=\"icon icon-envelope2\"><\/i>\t\t\t\t<\/span>\n\t\t\t<\/div>\n\t\t\t\n\t\t\t\t\t\t<div class=\"elementor-icon-box-content\">\n\n\t\t\t\t\t\t\t\t\t<h3 class=\"elementor-icon-box-title\">\n\t\t\t\t\t\t<span  >\n\t\t\t\t\t\t\tcontacto@kanoffmachining.com\t\t\t\t\t\t<\/span>\n\t\t\t\t\t<\/h3>\n\t\t\t\t\n\t\t\t\t\n\t\t\t<\/div>\n\t\t\t\n\t\t<\/div>\n\t\t\t\t\t\t<\/div>\n\t\t\t\t<\/div>\n\t\t\t\t\t<\/div>\n\t\t<\/div>\n\t\t\t\t<div class=\"elementor-column elementor-col-25 elementor-inner-column elementor-element elementor-element-3de7c2c\" data-id=\"3de7c2c\" data-element_type=\"column\" data-e-type=\"column\">\n\t\t\t<div class=\"elementor-widget-wrap elementor-element-populated\">\n\t\t\t\t\t\t<div class=\"elementor-element elementor-element-a58b603 elementor-view-stacked elementor-mobile-position-inline-start elementor-widget-mobile__width-inherit elementor-shape-circle elementor-widget elementor-widget-icon-box\" data-id=\"a58b603\" data-element_type=\"widget\" data-e-type=\"widget\" data-widget_type=\"icon-box.default\">\n\t\t\t\t<div class=\"elementor-widget-container\">\n\t\t\t\t\t\t\t<div class=\"elementor-icon-box-wrapper\">\n\n\t\t\t\t\t\t<div class=\"elementor-icon-box-icon\">\n\t\t\t\t<span  class=\"elementor-icon\">\n\t\t\t\t<i aria-hidden=\"true\" class=\"icon icon-map-marker1\"><\/i>\t\t\t\t<\/span>\n\t\t\t<\/div>\n\t\t\t\n\t\t\t\t\t\t<div class=\"elementor-icon-box-content\">\n\n\t\t\t\t\t\t\t\t\t<h3 class=\"elementor-icon-box-title\">\n\t\t\t\t\t\t<span  >\n\t\t\t\t\t\t\tSanta Catarina, N.L.\t\t\t\t\t\t<\/span>\n\t\t\t\t\t<\/h3>\n\t\t\t\t\n\t\t\t\t\n\t\t\t<\/div>\n\t\t\t\n\t\t<\/div>\n\t\t\t\t\t\t<\/div>\n\t\t\t\t<\/div>\n\t\t\t\t\t<\/div>\n\t\t<\/div>\n\t\t\t\t<div class=\"elementor-column elementor-col-25 elementor-inner-column elementor-element elementor-element-6f76d6a\" data-id=\"6f76d6a\" data-element_type=\"column\" data-e-type=\"column\">\n\t\t\t<div class=\"elementor-widget-wrap elementor-element-populated\">\n\t\t\t\t\t\t<div class=\"elementor-element elementor-element-ecb2b23 elementor-view-stacked elementor-mobile-position-inline-start elementor-widget-mobile__width-inherit elementor-shape-circle elementor-widget elementor-widget-icon-box\" data-id=\"ecb2b23\" data-element_type=\"widget\" data-e-type=\"widget\" data-widget_type=\"icon-box.default\">\n\t\t\t\t<div class=\"elementor-widget-container\">\n\t\t\t\t\t\t\t<div class=\"elementor-icon-box-wrapper\">\n\n\t\t\t\t\t\t<div class=\"elementor-icon-box-icon\">\n\t\t\t\t<span  class=\"elementor-icon\">\n\t\t\t\t<i aria-hidden=\"true\" class=\"icon icon-phone1\"><\/i>\t\t\t\t<\/span>\n\t\t\t<\/div>\n\t\t\t\n\t\t\t\t\t\t<div class=\"elementor-icon-box-content\">\n\n\t\t\t\t\t\t\t\t\t<h3 class=\"elementor-icon-box-title\">\n\t\t\t\t\t\t<span  >\n\t\t\t\t\t\t\t+52 81 1588 6031\t\t\t\t\t\t<\/span>\n\t\t\t\t\t<\/h3>\n\t\t\t\t\n\t\t\t\t\n\t\t\t<\/div>\n\t\t\t\n\t\t<\/div>\n\t\t\t\t\t\t<\/div>\n\t\t\t\t<\/div>\n\t\t\t\t\t<\/div>\n\t\t<\/div>\n\t\t\t\t<div class=\"elementor-column elementor-col-25 elementor-inner-column elementor-element elementor-element-e2d9186\" data-id=\"e2d9186\" data-element_type=\"column\" data-e-type=\"column\">\n\t\t\t<div class=\"elementor-widget-wrap elementor-element-populated\">\n\t\t\t\t\t\t<div class=\"elementor-element elementor-element-a838d6a elementor-view-stacked elementor-mobile-position-inline-start elementor-widget-mobile__width-inherit elementor-shape-circle elementor-widget elementor-widget-icon-box\" data-id=\"a838d6a\" data-element_type=\"widget\" data-e-type=\"widget\" data-widget_type=\"icon-box.default\">\n\t\t\t\t<div class=\"elementor-widget-container\">\n\t\t\t\t\t\t\t<div class=\"elementor-icon-box-wrapper\">\n\n\t\t\t\t\t\t<div class=\"elementor-icon-box-icon\">\n\t\t\t\t<span  class=\"elementor-icon\">\n\t\t\t\t<i aria-hidden=\"true\" class=\"icon icon-clock11\"><\/i>\t\t\t\t<\/span>\n\t\t\t<\/div>\n\t\t\t\n\t\t\t\t\t\t<div class=\"elementor-icon-box-content\">\n\n\t\t\t\t\t\t\t\t\t<h3 class=\"elementor-icon-box-title\">\n\t\t\t\t\t\t<span  >\n\t\t\t\t\t\t\t09:00 - 19:00 Horas\t\t\t\t\t\t<\/span>\n\t\t\t\t\t<\/h3>\n\t\t\t\t\n\t\t\t\t\n\t\t\t<\/div>\n\t\t\t\n\t\t<\/div>\n\t\t\t\t\t\t<\/div>\n\t\t\t\t<\/div>\n\t\t\t\t\t<\/div>\n\t\t<\/div>\n\t\t\t\t\t<\/div>\n\t\t<\/section>\n\t\t\t\t<section class=\"elementor-section elementor-inner-section elementor-element elementor-element-37f79d6 elementor-section-boxed elementor-section-height-default elementor-section-height-default\" data-id=\"37f79d6\" data-element_type=\"section\" data-e-type=\"section\" data-settings=\"{&quot;background_background&quot;:&quot;classic&quot;}\">\n\t\t\t\t\t\t<div class=\"elementor-container elementor-column-gap-default\">\n\t\t\t\t\t<div class=\"elementor-column elementor-col-50 elementor-inner-column elementor-element elementor-element-6bdf150\" data-id=\"6bdf150\" data-element_type=\"column\" data-e-type=\"column\">\n\t\t\t<div class=\"elementor-widget-wrap elementor-element-populated\">\n\t\t\t\t\t\t<div class=\"elementor-element elementor-element-ace7d7a elementor-widget elementor-widget-image\" data-id=\"ace7d7a\" data-element_type=\"widget\" data-e-type=\"widget\" data-widget_type=\"image.default\">\n\t\t\t\t<div class=\"elementor-widget-container\">\n\t\t\t\t\t\t\t\t\t\t\t\t\t\t\t<img fetchpriority=\"high\" decoding=\"async\" width=\"684\" height=\"1024\" src=\"https:\/\/kanoffmachining.com\/wp-content\/uploads\/2024\/01\/worker-removes-scale-from-metal-workpieces-684x1024.jpg\" class=\"attachment-large size-large wp-image-1719\" alt=\"Worker removes scale from metal workpieces\" srcset=\"https:\/\/kanoffmachining.com\/wp-content\/uploads\/2024\/01\/worker-removes-scale-from-metal-workpieces-684x1024.jpg 684w, https:\/\/kanoffmachining.com\/wp-content\/uploads\/2024\/01\/worker-removes-scale-from-metal-workpieces-200x300.jpg 200w, https:\/\/kanoffmachining.com\/wp-content\/uploads\/2024\/01\/worker-removes-scale-from-metal-workpieces-768x1151.jpg 768w, https:\/\/kanoffmachining.com\/wp-content\/uploads\/2024\/01\/worker-removes-scale-from-metal-workpieces-1025x1536.jpg 1025w, https:\/\/kanoffmachining.com\/wp-content\/uploads\/2024\/01\/worker-removes-scale-from-metal-workpieces-8x12.jpg 8w, https:\/\/kanoffmachining.com\/wp-content\/uploads\/2024\/01\/worker-removes-scale-from-metal-workpieces.jpg 1335w\" sizes=\"(max-width: 684px) 100vw, 684px\" \/>\t\t\t\t\t\t\t\t\t\t\t\t\t\t\t<\/div>\n\t\t\t\t<\/div>\n\t\t\t\t<div class=\"elementor-element elementor-element-ef72c34 elementor-widget__width-initial elementor-widget elementor-widget-text-editor\" data-id=\"ef72c34\" data-element_type=\"widget\" data-e-type=\"widget\" data-widget_type=\"text-editor.default\">\n\t\t\t\t<div class=\"elementor-widget-container\">\n\t\t\t\t\t\t\t\t\t<p><strong>Nos comunicaremos con usted en 24 horas, o puede llamarnos todos los d\u00edas, de 09:00 a 19:00 horas.<\/strong><\/p><h4><strong>Tel\u00e9fono. +52 81 1588 6031<\/strong><\/h4>\t\t\t\t\t\t\t\t<\/div>\n\t\t\t\t<\/div>\n\t\t\t\t\t<\/div>\n\t\t<\/div>\n\t\t\t\t<div class=\"elementor-column elementor-col-50 elementor-inner-column elementor-element elementor-element-9e9a0f8\" data-id=\"9e9a0f8\" data-element_type=\"column\" data-e-type=\"column\">\n\t\t\t<div class=\"elementor-widget-wrap elementor-element-populated\">\n\t\t\t\t\t\t<div class=\"elementor-element elementor-element-a536ee8 elementor-widget elementor-widget-heading\" data-id=\"a536ee8\" data-element_type=\"widget\" data-e-type=\"widget\" data-widget_type=\"heading.default\">\n\t\t\t\t<div class=\"elementor-widget-container\">\n\t\t\t\t\t<h2 class=\"elementor-heading-title elementor-size-default\">S\u00edgamos en Contacto<\/h2>\t\t\t\t<\/div>\n\t\t\t\t<\/div>\n\t\t\t\t<div class=\"elementor-element elementor-element-60fd234 elementor-widget elementor-widget-text-editor\" data-id=\"60fd234\" data-element_type=\"widget\" data-e-type=\"widget\" data-widget_type=\"text-editor.default\">\n\t\t\t\t<div class=\"elementor-widget-container\">\n\t\t\t\t\t\t\t\t\t<p>Para inquietudes generales, utilice este formulario.<\/p><p>Si deseas convertirte en proveedor o trabajar con nosotros, por favor utiliza los formularios correspondientes para que las personas a las que deseas llegar puedan recibir tu mensaje.<\/p><p>Si desea cotizar un proyecto, utilice el Formulario de solicitud de cotizaci\u00f3n para que nuestros representantes de ventas puedan comunicarse con usted m\u00e1s f\u00e1cilmente.<\/p>\t\t\t\t\t\t\t\t<\/div>\n\t\t\t\t<\/div>\n\t\t\t\t<div class=\"elementor-element elementor-element-5421e9d elementor-widget elementor-widget-html\" data-id=\"5421e9d\" data-element_type=\"widget\" data-e-type=\"widget\" data-widget_type=\"html.default\">\n\t\t\t\t<div class=\"elementor-widget-container\">\n\t\t\t\t\t<script charset=\"utf-8\" type=\"text\/javascript\" src=\"\/\/js.hsforms.net\/forms\/embed\/v2.js\"><\/script>\r\n<script>\r\n  hbspt.forms.create({\r\n    region: \"na1\",\r\n    portalId: \"46186896\",\r\n    formId: \"3fdaadbb-c012-4d40-83b9-c2eb6fb5bc50\"\r\n  });\r\n<\/script>\t\t\t\t<\/div>\n\t\t\t\t<\/div>\n\t\t\t\t\t<\/div>\n\t\t<\/div>\n\t\t\t\t\t<\/div>\n\t\t<\/section>\n\t\t\t\t\t<\/div>\n\t\t<\/div>\n\t\t\t\t\t<\/div>\n\t\t<\/section>\n\t\t\t\t<\/div>","protected":false},"excerpt":{"rendered":"<p>Contact Info contacto@kanoffmachining.com Santa Catarina, N.L. +52 81 1588 6031 09:00 &#8211; 19:00 Hours We will get back to you with 24 hours, or you can call us everyday, 09:00 &#8211; 19:00 Hours Phone. +52 81 1588 6031 Get in Touch For general concerns, please use this form. If you want to become a supplier [&hellip;]<\/p>","protected":false},"author":1,"featured_media":0,"parent":0,"menu_order":0,"comment_status":"closed","ping_status":"closed","template":"","meta":{"_joinchat":[],"footnotes":""},"class_list":["post-1538","page","type-page","status-publish","hentry"],"yoast_head":"<!-- This site is optimized with the Yoast SEO plugin v27.4 - https:\/\/yoast.com\/product\/yoast-seo-wordpress\/ -->\n<title>Contact - Kanoff Machining<\/title>\n<meta name=\"robots\" content=\"index, follow, max-snippet:-1, max-image-preview:large, max-video-preview:-1\" \/>\n<link rel=\"canonical\" href=\"https:\/\/kanoffmachining.com\/es\/contact\/\" \/>\n<meta property=\"og:locale\" content=\"es_MX\" \/>\n<meta property=\"og:type\" content=\"article\" \/>\n<meta property=\"og:title\" content=\"Contact - Kanoff Machining\" \/>\n<meta property=\"og:description\" content=\"Contact Info contacto@kanoffmachining.com Santa Catarina, N.L. +52 81 1588 6031 09:00 &#8211; 19:00 Hours We will get back to you with 24 hours, or you can call us everyday, 09:00 &#8211; 19:00 Hours Phone. +52 81 1588 6031 Get in Touch For general concerns, please use this form. If you want to become a supplier [&hellip;]\" \/>\n<meta property=\"og:url\" content=\"https:\/\/kanoffmachining.com\/es\/contact\/\" \/>\n<meta property=\"og:site_name\" content=\"Kanoff Machining\" \/>\n<meta property=\"article:modified_time\" content=\"2025-03-10T19:18:15+00:00\" \/>\n<meta property=\"og:image\" content=\"https:\/\/kanoffmachining.com\/wp-content\/uploads\/2024\/01\/worker-removes-scale-from-metal-workpieces.jpg\" \/>\n\t<meta property=\"og:image:width\" content=\"1335\" \/>\n\t<meta property=\"og:image:height\" content=\"2000\" \/>\n\t<meta property=\"og:image:type\" content=\"image\/jpeg\" \/>\n<meta name=\"twitter:card\" content=\"summary_large_image\" \/>\n<meta name=\"twitter:label1\" content=\"Tiempo de lectura\" \/>\n\t<meta name=\"twitter:data1\" content=\"1 minuto\" \/>\n<script type=\"application\/ld+json\" class=\"yoast-schema-graph\">{\"@context\":\"https:\\\/\\\/schema.org\",\"@graph\":[{\"@type\":\"WebPage\",\"@id\":\"https:\\\/\\\/kanoffmachining.com\\\/contact\\\/\",\"url\":\"https:\\\/\\\/kanoffmachining.com\\\/contact\\\/\",\"name\":\"Contact - Kanoff Machining\",\"isPartOf\":{\"@id\":\"https:\\\/\\\/kanoffmachining.com\\\/#website\"},\"primaryImageOfPage\":{\"@id\":\"https:\\\/\\\/kanoffmachining.com\\\/contact\\\/#primaryimage\"},\"image\":{\"@id\":\"https:\\\/\\\/kanoffmachining.com\\\/contact\\\/#primaryimage\"},\"thumbnailUrl\":\"https:\\\/\\\/kanoffmachining.com\\\/wp-content\\\/uploads\\\/2024\\\/01\\\/worker-removes-scale-from-metal-workpieces-684x1024.jpg\",\"datePublished\":\"2024-01-17T19:12:54+00:00\",\"dateModified\":\"2025-03-10T19:18:15+00:00\",\"breadcrumb\":{\"@id\":\"https:\\\/\\\/kanoffmachining.com\\\/contact\\\/#breadcrumb\"},\"inLanguage\":\"es\",\"potentialAction\":[{\"@type\":\"ReadAction\",\"target\":[\"https:\\\/\\\/kanoffmachining.com\\\/contact\\\/\"]}]},{\"@type\":\"ImageObject\",\"inLanguage\":\"es\",\"@id\":\"https:\\\/\\\/kanoffmachining.com\\\/contact\\\/#primaryimage\",\"url\":\"https:\\\/\\\/kanoffmachining.com\\\/wp-content\\\/uploads\\\/2024\\\/01\\\/worker-removes-scale-from-metal-workpieces-684x1024.jpg\",\"contentUrl\":\"https:\\\/\\\/kanoffmachining.com\\\/wp-content\\\/uploads\\\/2024\\\/01\\\/worker-removes-scale-from-metal-workpieces-684x1024.jpg\"},{\"@type\":\"BreadcrumbList\",\"@id\":\"https:\\\/\\\/kanoffmachining.com\\\/contact\\\/#breadcrumb\",\"itemListElement\":[{\"@type\":\"ListItem\",\"position\":1,\"name\":\"Home\",\"item\":\"https:\\\/\\\/kanoffmachining.com\\\/\"},{\"@type\":\"ListItem\",\"position\":2,\"name\":\"Contact\"}]},{\"@type\":\"WebSite\",\"@id\":\"https:\\\/\\\/kanoffmachining.com\\\/#website\",\"url\":\"https:\\\/\\\/kanoffmachining.com\\\/\",\"name\":\"Kanoff Machining\",\"description\":\"Machined Castings\",\"publisher\":{\"@id\":\"https:\\\/\\\/kanoffmachining.com\\\/#organization\"},\"alternateName\":\"Kanoff\",\"potentialAction\":[{\"@type\":\"SearchAction\",\"target\":{\"@type\":\"EntryPoint\",\"urlTemplate\":\"https:\\\/\\\/kanoffmachining.com\\\/?s={search_term_string}\"},\"query-input\":{\"@type\":\"PropertyValueSpecification\",\"valueRequired\":true,\"valueName\":\"search_term_string\"}}],\"inLanguage\":\"es\"},{\"@type\":\"Organization\",\"@id\":\"https:\\\/\\\/kanoffmachining.com\\\/#organization\",\"name\":\"Kanoff Machining\",\"alternateName\":\"Kanoff\",\"url\":\"https:\\\/\\\/kanoffmachining.com\\\/\",\"logo\":{\"@type\":\"ImageObject\",\"inLanguage\":\"es\",\"@id\":\"https:\\\/\\\/kanoffmachining.com\\\/#\\\/schema\\\/logo\\\/image\\\/\",\"url\":\"https:\\\/\\\/kanoffmachining.com\\\/wp-content\\\/uploads\\\/2020\\\/11\\\/kanofflogo2.png\",\"contentUrl\":\"https:\\\/\\\/kanoffmachining.com\\\/wp-content\\\/uploads\\\/2020\\\/11\\\/kanofflogo2.png\",\"width\":254,\"height\":98,\"caption\":\"Kanoff Machining\"},\"image\":{\"@id\":\"https:\\\/\\\/kanoffmachining.com\\\/#\\\/schema\\\/logo\\\/image\\\/\"}}]}<\/script>\n<!-- \/ Yoast SEO plugin. -->","yoast_head_json":{"title":"Contact - Kanoff Machining","robots":{"index":"index","follow":"follow","max-snippet":"max-snippet:-1","max-image-preview":"max-image-preview:large","max-video-preview":"max-video-preview:-1"},"canonical":"https:\/\/kanoffmachining.com\/es\/contact\/","og_locale":"es_MX","og_type":"article","og_title":"Contact - Kanoff Machining","og_description":"Contact Info contacto@kanoffmachining.com Santa Catarina, N.L. +52 81 1588 6031 09:00 &#8211; 19:00 Hours We will get back to you with 24 hours, or you can call us everyday, 09:00 &#8211; 19:00 Hours Phone. +52 81 1588 6031 Get in Touch For general concerns, please use this form. If you want to become a supplier [&hellip;]","og_url":"https:\/\/kanoffmachining.com\/es\/contact\/","og_site_name":"Kanoff Machining","article_modified_time":"2025-03-10T19:18:15+00:00","og_image":[{"width":1335,"height":2000,"url":"https:\/\/kanoffmachining.com\/wp-content\/uploads\/2024\/01\/worker-removes-scale-from-metal-workpieces.jpg","type":"image\/jpeg"}],"twitter_card":"summary_large_image","twitter_misc":{"Tiempo de lectura":"1 minuto"},"schema":{"@context":"https:\/\/schema.org","@graph":[{"@type":"WebPage","@id":"https:\/\/kanoffmachining.com\/contact\/","url":"https:\/\/kanoffmachining.com\/contact\/","name":"Contact - Kanoff Machining","isPartOf":{"@id":"https:\/\/kanoffmachining.com\/#website"},"primaryImageOfPage":{"@id":"https:\/\/kanoffmachining.com\/contact\/#primaryimage"},"image":{"@id":"https:\/\/kanoffmachining.com\/contact\/#primaryimage"},"thumbnailUrl":"https:\/\/kanoffmachining.com\/wp-content\/uploads\/2024\/01\/worker-removes-scale-from-metal-workpieces-684x1024.jpg","datePublished":"2024-01-17T19:12:54+00:00","dateModified":"2025-03-10T19:18:15+00:00","breadcrumb":{"@id":"https:\/\/kanoffmachining.com\/contact\/#breadcrumb"},"inLanguage":"es","potentialAction":[{"@type":"ReadAction","target":["https:\/\/kanoffmachining.com\/contact\/"]}]},{"@type":"ImageObject","inLanguage":"es","@id":"https:\/\/kanoffmachining.com\/contact\/#primaryimage","url":"https:\/\/kanoffmachining.com\/wp-content\/uploads\/2024\/01\/worker-removes-scale-from-metal-workpieces-684x1024.jpg","contentUrl":"https:\/\/kanoffmachining.com\/wp-content\/uploads\/2024\/01\/worker-removes-scale-from-metal-workpieces-684x1024.jpg"},{"@type":"BreadcrumbList","@id":"https:\/\/kanoffmachining.com\/contact\/#breadcrumb","itemListElement":[{"@type":"ListItem","position":1,"name":"Home","item":"https:\/\/kanoffmachining.com\/"},{"@type":"ListItem","position":2,"name":"Contact"}]},{"@type":"WebSite","@id":"https:\/\/kanoffmachining.com\/#website","url":"https:\/\/kanoffmachining.com\/","name":"Kanoff Machining","description":"Machined Castings","publisher":{"@id":"https:\/\/kanoffmachining.com\/#organization"},"alternateName":"Kanoff","potentialAction":[{"@type":"SearchAction","target":{"@type":"EntryPoint","urlTemplate":"https:\/\/kanoffmachining.com\/?s={search_term_string}"},"query-input":{"@type":"PropertyValueSpecification","valueRequired":true,"valueName":"search_term_string"}}],"inLanguage":"es"},{"@type":"Organization","@id":"https:\/\/kanoffmachining.com\/#organization","name":"Kanoff Machining","alternateName":"Kanoff","url":"https:\/\/kanoffmachining.com\/","logo":{"@type":"ImageObject","inLanguage":"es","@id":"https:\/\/kanoffmachining.com\/#\/schema\/logo\/image\/","url":"https:\/\/kanoffmachining.com\/wp-content\/uploads\/2020\/11\/kanofflogo2.png","contentUrl":"https:\/\/kanoffmachining.com\/wp-content\/uploads\/2020\/11\/kanofflogo2.png","width":254,"height":98,"caption":"Kanoff Machining"},"image":{"@id":"https:\/\/kanoffmachining.com\/#\/schema\/logo\/image\/"}}]}},"_links":{"self":[{"href":"https:\/\/kanoffmachining.com\/es\/wp-json\/wp\/v2\/pages\/1538","targetHints":{"allow":["GET"]}}],"collection":[{"href":"https:\/\/kanoffmachining.com\/es\/wp-json\/wp\/v2\/pages"}],"about":[{"href":"https:\/\/kanoffmachining.com\/es\/wp-json\/wp\/v2\/types\/page"}],"author":[{"embeddable":true,"href":"https:\/\/kanoffmachining.com\/es\/wp-json\/wp\/v2\/users\/1"}],"replies":[{"embeddable":true,"href":"https:\/\/kanoffmachining.com\/es\/wp-json\/wp\/v2\/comments?post=1538"}],"version-history":[{"count":97,"href":"https:\/\/kanoffmachining.com\/es\/wp-json\/wp\/v2\/pages\/1538\/revisions"}],"predecessor-version":[{"id":2765,"href":"https:\/\/kanoffmachining.com\/es\/wp-json\/wp\/v2\/pages\/1538\/revisions\/2765"}],"wp:attachment":[{"href":"https:\/\/kanoffmachining.com\/es\/wp-json\/wp\/v2\/media?parent=1538"}],"curies":[{"name":"wp","href":"https:\/\/api.w.org\/{rel}","templated":true}]}}