{"id":1900,"date":"2024-03-15T00:49:46","date_gmt":"2024-03-15T06:49:46","guid":{"rendered":"https:\/\/kanoffmachining.com\/?page_id=1900"},"modified":"2024-04-06T10:45:39","modified_gmt":"2024-04-06T16:45:39","slug":"thank-you-quote","status":"publish","type":"page","link":"https:\/\/kanoffmachining.com\/es\/thank-you-quote\/","title":{"rendered":"Thank you quote"},"content":{"rendered":"<div data-elementor-type=\"wp-page\" data-elementor-id=\"1900\" class=\"elementor elementor-1900\" data-elementor-post-type=\"page\">\n\t\t\t\t\t\t<section class=\"elementor-section elementor-top-section elementor-element elementor-element-0518ad9 elementor-section-height-min-height elementor-section-boxed elementor-section-height-default elementor-section-items-middle\" data-id=\"0518ad9\" data-element_type=\"section\" data-e-type=\"section\" data-settings=\"{&quot;background_background&quot;:&quot;slideshow&quot;,&quot;background_slideshow_gallery&quot;:[{&quot;id&quot;:1655,&quot;url&quot;:&quot;https:\\\/\\\/kanoffmachining.com\\\/wp-content\\\/uploads\\\/2024\\\/01\\\/master-looks-on-steelmaking-process-in-furnace.jpg&quot;},{&quot;id&quot;:1507,&quot;url&quot;:&quot;https:\\\/\\\/kanoffmachining.com\\\/wp-content\\\/uploads\\\/2024\\\/01\\\/m_operador-experimentado-casco.jpg&quot;},{&quot;id&quot;:1508,&quot;url&quot;:&quot;https:\\\/\\\/kanoffmachining.com\\\/wp-content\\\/uploads\\\/2024\\\/01\\\/m_hombre-guantes-protectores-cortando-metal-usando-amoladora-angular-haciendo-chispas.jpg&quot;},{&quot;id&quot;:2037,&quot;url&quot;:&quot;https:\\\/\\\/kanoffmachining.com\\\/wp-content\\\/uploads\\\/2024\\\/04\\\/Certifications-OUR-CORE-VALUES.png&quot;}],&quot;background_slideshow_ken_burns&quot;:&quot;yes&quot;,&quot;background_slideshow_loop&quot;:&quot;yes&quot;,&quot;background_slideshow_slide_duration&quot;:5000,&quot;background_slideshow_slide_transition&quot;:&quot;fade&quot;,&quot;background_slideshow_transition_duration&quot;:500,&quot;background_slideshow_ken_burns_zoom_direction&quot;:&quot;in&quot;}\">\n\t\t\t\t\t\t\t<div class=\"elementor-background-overlay\"><\/div>\n\t\t\t\t\t\t\t<div class=\"elementor-container elementor-column-gap-default\">\n\t\t\t\t\t<div class=\"elementor-column elementor-col-100 elementor-top-column elementor-element elementor-element-e286b38\" data-id=\"e286b38\" data-element_type=\"column\" data-e-type=\"column\">\n\t\t\t<div class=\"elementor-widget-wrap elementor-element-populated\">\n\t\t\t\t\t\t<div class=\"elementor-element elementor-element-b3e9e0a elementor-widget elementor-widget-image\" data-id=\"b3e9e0a\" data-element_type=\"widget\" data-e-type=\"widget\" data-widget_type=\"image.default\">\n\t\t\t\t<div class=\"elementor-widget-container\">\n\t\t\t\t\t\t\t\t\t\t\t\t\t\t\t\t<a href=\"https:\/\/kanoffmachining.com\/es\">\n\t\t\t\t\t\t\t<img fetchpriority=\"high\" decoding=\"async\" width=\"600\" height=\"258\" src=\"https:\/\/kanoffmachining.com\/wp-content\/uploads\/2024\/01\/kanoff-10aniv-logobco.png\" class=\"attachment-full size-full wp-image-1531\" alt=\"\" srcset=\"https:\/\/kanoffmachining.com\/wp-content\/uploads\/2024\/01\/kanoff-10aniv-logobco.png 600w, https:\/\/kanoffmachining.com\/wp-content\/uploads\/2024\/01\/kanoff-10aniv-logobco-300x129.png 300w, https:\/\/kanoffmachining.com\/wp-content\/uploads\/2024\/01\/kanoff-10aniv-logobco-18x8.png 18w\" sizes=\"(max-width: 600px) 100vw, 600px\" \/>\t\t\t\t\t\t\t\t<\/a>\n\t\t\t\t\t\t\t\t\t\t\t\t\t\t\t<\/div>\n\t\t\t\t<\/div>\n\t\t\t\t<div class=\"elementor-element elementor-element-023eb8a elementor-widget elementor-widget-heading\" data-id=\"023eb8a\" data-element_type=\"widget\" data-e-type=\"widget\" data-widget_type=\"heading.default\">\n\t\t\t\t<div class=\"elementor-widget-container\">\n\t\t\t\t\t<h2 class=\"elementor-heading-title elementor-size-default\">Gracias<\/h2>\t\t\t\t<\/div>\n\t\t\t\t<\/div>\n\t\t\t\t<div class=\"elementor-element elementor-element-ce7ba0f elementor-widget elementor-widget-text-editor\" data-id=\"ce7ba0f\" data-element_type=\"widget\" data-e-type=\"widget\" data-widget_type=\"text-editor.default\">\n\t\t\t\t<div class=\"elementor-widget-container\">\n\t\t\t\t\t\t\t\t\t<p><strong>\u00a1Gracias por compartir los detalles de tu proyecto con nosotros!<\/strong><br \/>Valoramos la oportunidad de colaborar contigo. Nuestro equipo revisar\u00e1 cuidadosamente la informaci\u00f3n proporcionada y te contactar\u00e1 con una cotizaci\u00f3n personalizada y soluciones adaptadas a tus necesidades.<br \/>\u00a1Estamos ansiosos por trabajar contigo!<\/p>\t\t\t\t\t\t\t\t<\/div>\n\t\t\t\t<\/div>\n\t\t\t\t<div class=\"elementor-element elementor-element-7e163b6 elementor-align-center elementor-widget elementor-widget-button\" data-id=\"7e163b6\" data-element_type=\"widget\" data-e-type=\"widget\" data-widget_type=\"button.default\">\n\t\t\t\t<div class=\"elementor-widget-container\">\n\t\t\t\t\t\t\t\t\t<div class=\"elementor-button-wrapper\">\n\t\t\t\t\t<a class=\"elementor-button elementor-button-link elementor-size-sm\" href=\"https:\/\/kanoffmachining.com\/es\">\n\t\t\t\t\t\t<span class=\"elementor-button-content-wrapper\">\n\t\t\t\t\t\t\t\t\t<span class=\"elementor-button-text\">Regresar al Inicio<\/span>\n\t\t\t\t\t<\/span>\n\t\t\t\t\t<\/a>\n\t\t\t\t<\/div>\n\t\t\t\t\t\t\t\t<\/div>\n\t\t\t\t<\/div>\n\t\t\t\t\t<\/div>\n\t\t<\/div>\n\t\t\t\t\t<\/div>\n\t\t<\/section>\n\t\t\t\t<\/div>","protected":false},"excerpt":{"rendered":"<p>Thank You Thank you for sharing the details of your project with us!We value the opportunity to collaborate with you. Our team will carefully review the information provided and contact you with a personalized quote and solutions tailored to your needs.We look forward to working with you! Back to Home<\/p>","protected":false},"author":1,"featured_media":0,"parent":0,"menu_order":0,"comment_status":"closed","ping_status":"closed","template":"elementor_canvas","meta":{"_joinchat":[],"footnotes":""},"class_list":["post-1900","page","type-page","status-publish","hentry"],"yoast_head":"<!-- This site is optimized with the Yoast SEO plugin v27.4 - https:\/\/yoast.com\/product\/yoast-seo-wordpress\/ -->\n<title>Thank you quote - Kanoff Machining<\/title>\n<meta name=\"robots\" content=\"index, follow, max-snippet:-1, max-image-preview:large, max-video-preview:-1\" \/>\n<link rel=\"canonical\" href=\"https:\/\/kanoffmachining.com\/es\/thank-you-quote\/\" \/>\n<meta property=\"og:locale\" content=\"es_MX\" \/>\n<meta property=\"og:type\" content=\"article\" \/>\n<meta property=\"og:title\" content=\"Thank you quote - Kanoff Machining\" \/>\n<meta property=\"og:description\" content=\"Thank You Thank you for sharing the details of your project with us!We value the opportunity to collaborate with you. Our team will carefully review the information provided and contact you with a personalized quote and solutions tailored to your needs.We look forward to working with you! Back to Home\" \/>\n<meta property=\"og:url\" content=\"https:\/\/kanoffmachining.com\/es\/thank-you-quote\/\" \/>\n<meta property=\"og:site_name\" content=\"Kanoff Machining\" \/>\n<meta property=\"article:modified_time\" content=\"2024-04-06T16:45:39+00:00\" \/>\n<meta property=\"og:image\" content=\"https:\/\/kanoffmachining.com\/wp-content\/uploads\/2024\/01\/kanoff-10aniv-logobco.png\" \/>\n<meta name=\"twitter:card\" content=\"summary_large_image\" \/>\n<script type=\"application\/ld+json\" class=\"yoast-schema-graph\">{\"@context\":\"https:\\\/\\\/schema.org\",\"@graph\":[{\"@type\":\"WebPage\",\"@id\":\"https:\\\/\\\/kanoffmachining.com\\\/thank-you-quote\\\/\",\"url\":\"https:\\\/\\\/kanoffmachining.com\\\/thank-you-quote\\\/\",\"name\":\"Thank you quote - Kanoff Machining\",\"isPartOf\":{\"@id\":\"https:\\\/\\\/kanoffmachining.com\\\/#website\"},\"primaryImageOfPage\":{\"@id\":\"https:\\\/\\\/kanoffmachining.com\\\/thank-you-quote\\\/#primaryimage\"},\"image\":{\"@id\":\"https:\\\/\\\/kanoffmachining.com\\\/thank-you-quote\\\/#primaryimage\"},\"thumbnailUrl\":\"https:\\\/\\\/kanoffmachining.com\\\/wp-content\\\/uploads\\\/2024\\\/01\\\/kanoff-10aniv-logobco.png\",\"datePublished\":\"2024-03-15T06:49:46+00:00\",\"dateModified\":\"2024-04-06T16:45:39+00:00\",\"breadcrumb\":{\"@id\":\"https:\\\/\\\/kanoffmachining.com\\\/thank-you-quote\\\/#breadcrumb\"},\"inLanguage\":\"es\",\"potentialAction\":[{\"@type\":\"ReadAction\",\"target\":[\"https:\\\/\\\/kanoffmachining.com\\\/thank-you-quote\\\/\"]}]},{\"@type\":\"ImageObject\",\"inLanguage\":\"es\",\"@id\":\"https:\\\/\\\/kanoffmachining.com\\\/thank-you-quote\\\/#primaryimage\",\"url\":\"https:\\\/\\\/kanoffmachining.com\\\/wp-content\\\/uploads\\\/2024\\\/01\\\/kanoff-10aniv-logobco.png\",\"contentUrl\":\"https:\\\/\\\/kanoffmachining.com\\\/wp-content\\\/uploads\\\/2024\\\/01\\\/kanoff-10aniv-logobco.png\"},{\"@type\":\"BreadcrumbList\",\"@id\":\"https:\\\/\\\/kanoffmachining.com\\\/thank-you-quote\\\/#breadcrumb\",\"itemListElement\":[{\"@type\":\"ListItem\",\"position\":1,\"name\":\"Home\",\"item\":\"https:\\\/\\\/kanoffmachining.com\\\/\"},{\"@type\":\"ListItem\",\"position\":2,\"name\":\"Thank you quote\"}]},{\"@type\":\"WebSite\",\"@id\":\"https:\\\/\\\/kanoffmachining.com\\\/#website\",\"url\":\"https:\\\/\\\/kanoffmachining.com\\\/\",\"name\":\"Kanoff Machining\",\"description\":\"Machined Castings\",\"publisher\":{\"@id\":\"https:\\\/\\\/kanoffmachining.com\\\/#organization\"},\"alternateName\":\"Kanoff\",\"potentialAction\":[{\"@type\":\"SearchAction\",\"target\":{\"@type\":\"EntryPoint\",\"urlTemplate\":\"https:\\\/\\\/kanoffmachining.com\\\/?s={search_term_string}\"},\"query-input\":{\"@type\":\"PropertyValueSpecification\",\"valueRequired\":true,\"valueName\":\"search_term_string\"}}],\"inLanguage\":\"es\"},{\"@type\":\"Organization\",\"@id\":\"https:\\\/\\\/kanoffmachining.com\\\/#organization\",\"name\":\"Kanoff Machining\",\"alternateName\":\"Kanoff\",\"url\":\"https:\\\/\\\/kanoffmachining.com\\\/\",\"logo\":{\"@type\":\"ImageObject\",\"inLanguage\":\"es\",\"@id\":\"https:\\\/\\\/kanoffmachining.com\\\/#\\\/schema\\\/logo\\\/image\\\/\",\"url\":\"https:\\\/\\\/kanoffmachining.com\\\/wp-content\\\/uploads\\\/2020\\\/11\\\/kanofflogo2.png\",\"contentUrl\":\"https:\\\/\\\/kanoffmachining.com\\\/wp-content\\\/uploads\\\/2020\\\/11\\\/kanofflogo2.png\",\"width\":254,\"height\":98,\"caption\":\"Kanoff Machining\"},\"image\":{\"@id\":\"https:\\\/\\\/kanoffmachining.com\\\/#\\\/schema\\\/logo\\\/image\\\/\"}}]}<\/script>\n<!-- \/ Yoast SEO plugin. -->","yoast_head_json":{"title":"Thank you quote - Kanoff Machining","robots":{"index":"index","follow":"follow","max-snippet":"max-snippet:-1","max-image-preview":"max-image-preview:large","max-video-preview":"max-video-preview:-1"},"canonical":"https:\/\/kanoffmachining.com\/es\/thank-you-quote\/","og_locale":"es_MX","og_type":"article","og_title":"Thank you quote - Kanoff Machining","og_description":"Thank You Thank you for sharing the details of your project with us!We value the opportunity to collaborate with you. Our team will carefully review the information provided and contact you with a personalized quote and solutions tailored to your needs.We look forward to working with you! Back to Home","og_url":"https:\/\/kanoffmachining.com\/es\/thank-you-quote\/","og_site_name":"Kanoff Machining","article_modified_time":"2024-04-06T16:45:39+00:00","og_image":[{"url":"https:\/\/kanoffmachining.com\/wp-content\/uploads\/2024\/01\/kanoff-10aniv-logobco.png","type":"","width":"","height":""}],"twitter_card":"summary_large_image","schema":{"@context":"https:\/\/schema.org","@graph":[{"@type":"WebPage","@id":"https:\/\/kanoffmachining.com\/thank-you-quote\/","url":"https:\/\/kanoffmachining.com\/thank-you-quote\/","name":"Thank you quote - Kanoff Machining","isPartOf":{"@id":"https:\/\/kanoffmachining.com\/#website"},"primaryImageOfPage":{"@id":"https:\/\/kanoffmachining.com\/thank-you-quote\/#primaryimage"},"image":{"@id":"https:\/\/kanoffmachining.com\/thank-you-quote\/#primaryimage"},"thumbnailUrl":"https:\/\/kanoffmachining.com\/wp-content\/uploads\/2024\/01\/kanoff-10aniv-logobco.png","datePublished":"2024-03-15T06:49:46+00:00","dateModified":"2024-04-06T16:45:39+00:00","breadcrumb":{"@id":"https:\/\/kanoffmachining.com\/thank-you-quote\/#breadcrumb"},"inLanguage":"es","potentialAction":[{"@type":"ReadAction","target":["https:\/\/kanoffmachining.com\/thank-you-quote\/"]}]},{"@type":"ImageObject","inLanguage":"es","@id":"https:\/\/kanoffmachining.com\/thank-you-quote\/#primaryimage","url":"https:\/\/kanoffmachining.com\/wp-content\/uploads\/2024\/01\/kanoff-10aniv-logobco.png","contentUrl":"https:\/\/kanoffmachining.com\/wp-content\/uploads\/2024\/01\/kanoff-10aniv-logobco.png"},{"@type":"BreadcrumbList","@id":"https:\/\/kanoffmachining.com\/thank-you-quote\/#breadcrumb","itemListElement":[{"@type":"ListItem","position":1,"name":"Home","item":"https:\/\/kanoffmachining.com\/"},{"@type":"ListItem","position":2,"name":"Thank you quote"}]},{"@type":"WebSite","@id":"https:\/\/kanoffmachining.com\/#website","url":"https:\/\/kanoffmachining.com\/","name":"Kanoff Machining","description":"Machined Castings","publisher":{"@id":"https:\/\/kanoffmachining.com\/#organization"},"alternateName":"Kanoff","potentialAction":[{"@type":"SearchAction","target":{"@type":"EntryPoint","urlTemplate":"https:\/\/kanoffmachining.com\/?s={search_term_string}"},"query-input":{"@type":"PropertyValueSpecification","valueRequired":true,"valueName":"search_term_string"}}],"inLanguage":"es"},{"@type":"Organization","@id":"https:\/\/kanoffmachining.com\/#organization","name":"Kanoff Machining","alternateName":"Kanoff","url":"https:\/\/kanoffmachining.com\/","logo":{"@type":"ImageObject","inLanguage":"es","@id":"https:\/\/kanoffmachining.com\/#\/schema\/logo\/image\/","url":"https:\/\/kanoffmachining.com\/wp-content\/uploads\/2020\/11\/kanofflogo2.png","contentUrl":"https:\/\/kanoffmachining.com\/wp-content\/uploads\/2020\/11\/kanofflogo2.png","width":254,"height":98,"caption":"Kanoff Machining"},"image":{"@id":"https:\/\/kanoffmachining.com\/#\/schema\/logo\/image\/"}}]}},"_links":{"self":[{"href":"https:\/\/kanoffmachining.com\/es\/wp-json\/wp\/v2\/pages\/1900","targetHints":{"allow":["GET"]}}],"collection":[{"href":"https:\/\/kanoffmachining.com\/es\/wp-json\/wp\/v2\/pages"}],"about":[{"href":"https:\/\/kanoffmachining.com\/es\/wp-json\/wp\/v2\/types\/page"}],"author":[{"embeddable":true,"href":"https:\/\/kanoffmachining.com\/es\/wp-json\/wp\/v2\/users\/1"}],"replies":[{"embeddable":true,"href":"https:\/\/kanoffmachining.com\/es\/wp-json\/wp\/v2\/comments?post=1900"}],"version-history":[{"count":19,"href":"https:\/\/kanoffmachining.com\/es\/wp-json\/wp\/v2\/pages\/1900\/revisions"}],"predecessor-version":[{"id":2121,"href":"https:\/\/kanoffmachining.com\/es\/wp-json\/wp\/v2\/pages\/1900\/revisions\/2121"}],"wp:attachment":[{"href":"https:\/\/kanoffmachining.com\/es\/wp-json\/wp\/v2\/media?parent=1900"}],"curies":[{"name":"wp","href":"https:\/\/api.w.org\/{rel}","templated":true}]}}