{"id":585,"date":"2020-12-04T17:14:57","date_gmt":"2020-12-04T17:14:57","guid":{"rendered":"http:\/\/guid"},"modified":"2024-02-23T11:56:30","modified_gmt":"2024-02-23T17:56:30","slug":"technology","status":"publish","type":"page","link":"https:\/\/kanoffmachining.com\/es\/technology\/","title":{"rendered":"Tecnolog\u00eda"},"content":{"rendered":"<div data-elementor-type=\"wp-page\" data-elementor-id=\"585\" class=\"elementor elementor-585\" data-elementor-post-type=\"page\">\n\t\t\t\t\t\t<section class=\"elementor-section elementor-top-section elementor-element elementor-element-e1f08a4 elementor-section-height-min-height elementor-section-boxed elementor-section-height-default elementor-section-items-middle\" data-id=\"e1f08a4\" data-element_type=\"section\" data-e-type=\"section\" data-settings=\"{&quot;background_background&quot;:&quot;classic&quot;}\">\n\t\t\t\t\t\t\t<div class=\"elementor-background-overlay\"><\/div>\n\t\t\t\t\t\t\t<div class=\"elementor-container elementor-column-gap-default\">\n\t\t\t\t\t<div class=\"elementor-column elementor-col-50 elementor-top-column elementor-element elementor-element-776e970\" data-id=\"776e970\" data-element_type=\"column\" data-e-type=\"column\">\n\t\t\t<div class=\"elementor-widget-wrap elementor-element-populated\">\n\t\t\t\t\t\t<div class=\"elementor-element elementor-element-094b253 elementor-widget elementor-widget-heading\" data-id=\"094b253\" data-element_type=\"widget\" data-e-type=\"widget\" data-widget_type=\"heading.default\">\n\t\t\t\t<div class=\"elementor-widget-container\">\n\t\t\t\t\t<h1 class=\"elementor-heading-title elementor-size-xxl\"><span style=\"color:#429EDC\">Tecnolog\u00eda de vanguardia<\/span>, para mejores procesos<\/h1>\t\t\t\t<\/div>\n\t\t\t\t<\/div>\n\t\t\t\t<div class=\"elementor-element elementor-element-c40a317 elementor-widget elementor-widget-text-editor\" data-id=\"c40a317\" data-element_type=\"widget\" data-e-type=\"widget\" data-widget_type=\"text-editor.default\">\n\t\t\t\t<div class=\"elementor-widget-container\">\n\t\t\t\t\t\t\t\t\t<p>Kanoff Machining cuenta con equipos de \u00faltima generaci\u00f3n y alta precisi\u00f3n para el maquinado de piezas industriales con capacidad para adaptarse a pr\u00e1cticamente a cualquier configuraci\u00f3n que se requiera en el mercado.<\/p><p>Nuestros equipos operan sobre todos los materiales com\u00fanmente requeridos en la industria, como el hierro gris y nodular, bronce, aluminio, resinas, forja y otros aceros.<\/p>\t\t\t\t\t\t\t\t<\/div>\n\t\t\t\t<\/div>\n\t\t\t\t\t<\/div>\n\t\t<\/div>\n\t\t\t\t<div class=\"elementor-column elementor-col-50 elementor-top-column elementor-element elementor-element-4b59ad9 elementor-hidden-mobile elementor-hidden-tablet\" data-id=\"4b59ad9\" data-element_type=\"column\" data-e-type=\"column\">\n\t\t\t<div class=\"elementor-widget-wrap\">\n\t\t\t\t\t\t\t<\/div>\n\t\t<\/div>\n\t\t\t\t\t<\/div>\n\t\t<\/section>\n\t\t\t\t<section class=\"elementor-section elementor-top-section elementor-element elementor-element-a03c569 elementor-section-boxed elementor-section-height-default elementor-section-height-default\" data-id=\"a03c569\" data-element_type=\"section\" data-e-type=\"section\" data-settings=\"{&quot;background_background&quot;:&quot;classic&quot;}\">\n\t\t\t\t\t\t<div class=\"elementor-container elementor-column-gap-default\">\n\t\t\t\t\t<div class=\"elementor-column elementor-col-50 elementor-top-column elementor-element elementor-element-72dcefe\" data-id=\"72dcefe\" data-element_type=\"column\" data-e-type=\"column\">\n\t\t\t<div class=\"elementor-widget-wrap elementor-element-populated\">\n\t\t\t\t\t\t<div class=\"elementor-element elementor-element-62c0f52 elementor-widget elementor-widget-heading\" data-id=\"62c0f52\" data-element_type=\"widget\" data-e-type=\"widget\" data-widget_type=\"heading.default\">\n\t\t\t\t<div class=\"elementor-widget-container\">\n\t\t\t\t\t<h2 class=\"elementor-heading-title elementor-size-default\">NUESTROS EQUIPOS DE MAQUINADO\n<\/h2>\t\t\t\t<\/div>\n\t\t\t\t<\/div>\n\t\t\t\t<div class=\"elementor-element elementor-element-38bf1ec elementor-widget elementor-widget-image\" data-id=\"38bf1ec\" data-element_type=\"widget\" data-e-type=\"widget\" data-widget_type=\"image.default\">\n\t\t\t\t<div class=\"elementor-widget-container\">\n\t\t\t\t\t\t\t\t\t\t\t\t\t\t\t<img fetchpriority=\"high\" decoding=\"async\" width=\"800\" height=\"534\" src=\"https:\/\/kanoffmachining.com\/wp-content\/uploads\/2020\/10\/m_Nearshoring-Mexico-machining-gray-iron-casting-min-1024x684.jpg\" class=\"attachment-large size-large wp-image-445\" alt=\"cnc turning at Kanoff\" srcset=\"https:\/\/kanoffmachining.com\/wp-content\/uploads\/2020\/10\/m_Nearshoring-Mexico-machining-gray-iron-casting-min-1024x684.jpg 1024w, https:\/\/kanoffmachining.com\/wp-content\/uploads\/2020\/10\/m_Nearshoring-Mexico-machining-gray-iron-casting-min-300x200.jpg 300w, https:\/\/kanoffmachining.com\/wp-content\/uploads\/2020\/10\/m_Nearshoring-Mexico-machining-gray-iron-casting-min-768x513.jpg 768w, https:\/\/kanoffmachining.com\/wp-content\/uploads\/2020\/10\/m_Nearshoring-Mexico-machining-gray-iron-casting-min.jpg 1400w\" sizes=\"(max-width: 800px) 100vw, 800px\" \/>\t\t\t\t\t\t\t\t\t\t\t\t\t\t\t<\/div>\n\t\t\t\t<\/div>\n\t\t\t\t<div class=\"elementor-element elementor-element-af8a06c elementor-widget elementor-widget-html\" data-id=\"af8a06c\" data-element_type=\"widget\" data-e-type=\"widget\" data-widget_type=\"html.default\">\n\t\t\t\t<div class=\"elementor-widget-container\">\n\t\t\t\t\t<table>\r\n  <tr>\r\n    <th>Equipment<\/th>\r\n    <th>Dimensions<\/th>\r\n \r\n  <\/tr>\r\n  <tr>\r\n    <td>CNC - Vertical<\/td>\r\n    <td>81\"X61\"X42\"<\/td>\r\n \r\n  <\/tr>\r\n  <tr>\r\n    <td>CNC - Vertical<\/td>\r\n    <td>121\"X61\"X11\"<\/td>\r\n    \r\n  <\/tr>\r\n    <tr>\r\n    <td>CNC - Horizontal<\/td>\r\n    <td>40\"X40\"X40\"<\/td>\r\n\r\n  <\/tr>\r\n  \r\n      <tr>\r\n    <td>CNC - Horizontal <\/td>\r\n    <td>25\"X25\"X25\" <\/td>\r\n\r\n  <\/tr>\r\n  \r\n   <tr>\r\n    <td>Torno Vertical con Herr. Vivas <\/td>\r\n    <td> 53\" Swing<\/td>\r\n\r\n  <\/tr>\r\n  \r\n    <tr>\r\n    <td>Torno Vertical con Herr. Vivas <\/td>\r\n    <td> 78\" Swing<\/td>\r\n\r\n  <\/tr>  <tr>\r\n    <td>Torno Vertical <\/td>\r\n    <td> 63\" Swing<\/td>\r\n\r\n  <\/tr>\r\n  \r\n   <tr>\r\n    <td>Horizontal Boring Machine <\/td>\r\n    <td> 153\" Swing<\/td>\r\n\r\n  <\/tr>\r\n  \r\n  \r\n  \r\n  \r\n<\/table>\t\t\t\t<\/div>\n\t\t\t\t<\/div>\n\t\t\t\t\t<\/div>\n\t\t<\/div>\n\t\t\t\t<div class=\"elementor-column elementor-col-50 elementor-top-column elementor-element elementor-element-5b605a3\" data-id=\"5b605a3\" data-element_type=\"column\" data-e-type=\"column\">\n\t\t\t<div class=\"elementor-widget-wrap elementor-element-populated\">\n\t\t\t\t\t\t<div class=\"elementor-element elementor-element-1b8049d elementor-widget elementor-widget-heading\" data-id=\"1b8049d\" data-element_type=\"widget\" data-e-type=\"widget\" data-widget_type=\"heading.default\">\n\t\t\t\t<div class=\"elementor-widget-container\">\n\t\t\t\t\t<h2 class=\"elementor-heading-title elementor-size-default\">NUESTROS EQUIPOS PARA FUNDICI\u00d3N\n<\/h2>\t\t\t\t<\/div>\n\t\t\t\t<\/div>\n\t\t\t\t<div class=\"elementor-element elementor-element-0035d85 elementor-widget elementor-widget-image\" data-id=\"0035d85\" data-element_type=\"widget\" data-e-type=\"widget\" data-widget_type=\"image.default\">\n\t\t\t\t<div class=\"elementor-widget-container\">\n\t\t\t\t\t\t\t\t\t\t\t\t\t\t\t<img decoding=\"async\" width=\"800\" height=\"531\" src=\"https:\/\/kanoffmachining.com\/wp-content\/uploads\/2020\/10\/m_Reliable-forge-foundries-gray-iron-casting-min-1024x680.jpg\" class=\"attachment-large size-large wp-image-447\" alt=\"\" srcset=\"https:\/\/kanoffmachining.com\/wp-content\/uploads\/2020\/10\/m_Reliable-forge-foundries-gray-iron-casting-min-1024x680.jpg 1024w, https:\/\/kanoffmachining.com\/wp-content\/uploads\/2020\/10\/m_Reliable-forge-foundries-gray-iron-casting-min-300x199.jpg 300w, https:\/\/kanoffmachining.com\/wp-content\/uploads\/2020\/10\/m_Reliable-forge-foundries-gray-iron-casting-min-768x510.jpg 768w, https:\/\/kanoffmachining.com\/wp-content\/uploads\/2020\/10\/m_Reliable-forge-foundries-gray-iron-casting-min.jpg 1400w\" sizes=\"(max-width: 800px) 100vw, 800px\" \/>\t\t\t\t\t\t\t\t\t\t\t\t\t\t\t<\/div>\n\t\t\t\t<\/div>\n\t\t\t\t<div class=\"elementor-element elementor-element-4f603af elementor-widget elementor-widget-html\" data-id=\"4f603af\" data-element_type=\"widget\" data-e-type=\"widget\" data-widget_type=\"html.default\">\n\t\t\t\t<div class=\"elementor-widget-container\">\n\t\t\t\t\t<table>\r\n  <tr>\r\n    <th>Features<\/th>\r\n \r\n  <\/tr>\r\n  <tr>\r\n    <td>FA Foundry, nuestra empresa hermana, cuenta con equipos de \u00faltima generaci\u00f3n para cumplir con los est\u00e1ndares m\u00e1s rigurosos de la industria.<\/td>\r\n \r\n  <\/tr>\r\n  <tr>\r\n    <td>Tres hornos de inducci\u00f3n con capacidad de fusi\u00f3n de 1200 toneladas mensuales.<\/td>\r\n\r\n    \r\n  <\/tr>\r\n    <tr>\r\n    <td>Dos l\u00edneas de moldeo autofraguante Kloster.<\/td>\r\n\r\n\r\n  <\/tr>\r\n  \r\n      <tr>\r\n    <td>Una l\u00ednea de molduras de piso.<\/td>\r\n\r\n\r\n  <\/tr>\r\n  \r\n   <tr>\r\n    <td>Fabricaci\u00f3n de corazones con caja fr\u00eda con equipo autom\u00e1tico Laempe con capacidad para 40 litros <\/td>\r\n\r\n\r\n  <\/tr>\r\n  \r\n    <tr>\r\n    <td>Sistema de recuperaci\u00f3n t\u00e9rmico y mec\u00e1nico para la arena de moldeo. <\/td>\r\n\r\n\r\n  <\/tr>  <tr>\r\n    <td>M\u00e1quinas de limpieza por granalla de \u00e1rbol y mesa de 96 <\/td>\r\n\r\n\r\n  <\/tr>\r\n\r\n  \r\n  \r\n  \r\n  \r\n<\/table>\t\t\t\t<\/div>\n\t\t\t\t<\/div>\n\t\t\t\t\t<\/div>\n\t\t<\/div>\n\t\t\t\t\t<\/div>\n\t\t<\/section>\n\t\t\t\t<\/div>","protected":false},"excerpt":{"rendered":"<p>State-of-the-art technology, for better processes Kanoff Machining has the latest generation and high precision equipment for machining industrial parts with the capacity to adapt to practically any configuration that is required in the market. Our equipment operates on all the materials commonly required in the industry, such as gray and nodular iron, bronze, aluminum, resins, [&hellip;]<\/p>","protected":false},"author":1,"featured_media":0,"parent":0,"menu_order":0,"comment_status":"closed","ping_status":"closed","template":"","meta":{"_joinchat":[],"footnotes":""},"class_list":["post-585","page","type-page","status-publish","hentry"],"yoast_head":"<!-- This site is optimized with the Yoast SEO plugin v27.4 - https:\/\/yoast.com\/product\/yoast-seo-wordpress\/ -->\n<title>Technology - Kanoff Machining<\/title>\n<meta name=\"robots\" content=\"index, follow, max-snippet:-1, max-image-preview:large, max-video-preview:-1\" \/>\n<link rel=\"canonical\" href=\"https:\/\/kanoffmachining.com\/es\/technology\/\" \/>\n<meta property=\"og:locale\" content=\"es_MX\" \/>\n<meta property=\"og:type\" content=\"article\" \/>\n<meta property=\"og:title\" content=\"Technology - Kanoff Machining\" \/>\n<meta property=\"og:description\" content=\"State-of-the-art technology, for better processes Kanoff Machining has the latest generation and high precision equipment for machining industrial parts with the capacity to adapt to practically any configuration that is required in the market. Our equipment operates on all the materials commonly required in the industry, such as gray and nodular iron, bronze, aluminum, resins, [&hellip;]\" \/>\n<meta property=\"og:url\" content=\"https:\/\/kanoffmachining.com\/es\/technology\/\" \/>\n<meta property=\"og:site_name\" content=\"Kanoff Machining\" \/>\n<meta property=\"article:modified_time\" content=\"2024-02-23T17:56:30+00:00\" \/>\n<meta property=\"og:image\" content=\"https:\/\/kanoffmachining.com\/wp-content\/uploads\/2020\/10\/m_Nearshoring-Mexico-machining-gray-iron-casting-min-1024x684.jpg\" \/>\n<meta name=\"twitter:card\" content=\"summary_large_image\" \/>\n<meta name=\"twitter:label1\" content=\"Tiempo de lectura\" \/>\n\t<meta name=\"twitter:data1\" content=\"1 minuto\" \/>\n<script type=\"application\/ld+json\" class=\"yoast-schema-graph\">{\"@context\":\"https:\\\/\\\/schema.org\",\"@graph\":[{\"@type\":\"WebPage\",\"@id\":\"https:\\\/\\\/kanoffmachining.com\\\/technology\\\/\",\"url\":\"https:\\\/\\\/kanoffmachining.com\\\/technology\\\/\",\"name\":\"Technology - Kanoff Machining\",\"isPartOf\":{\"@id\":\"https:\\\/\\\/kanoffmachining.com\\\/#website\"},\"primaryImageOfPage\":{\"@id\":\"https:\\\/\\\/kanoffmachining.com\\\/technology\\\/#primaryimage\"},\"image\":{\"@id\":\"https:\\\/\\\/kanoffmachining.com\\\/technology\\\/#primaryimage\"},\"thumbnailUrl\":\"https:\\\/\\\/kanoffmachining.com\\\/wp-content\\\/uploads\\\/2020\\\/10\\\/m_Nearshoring-Mexico-machining-gray-iron-casting-min-1024x684.jpg\",\"datePublished\":\"2020-12-04T17:14:57+00:00\",\"dateModified\":\"2024-02-23T17:56:30+00:00\",\"breadcrumb\":{\"@id\":\"https:\\\/\\\/kanoffmachining.com\\\/technology\\\/#breadcrumb\"},\"inLanguage\":\"es\",\"potentialAction\":[{\"@type\":\"ReadAction\",\"target\":[\"https:\\\/\\\/kanoffmachining.com\\\/technology\\\/\"]}]},{\"@type\":\"ImageObject\",\"inLanguage\":\"es\",\"@id\":\"https:\\\/\\\/kanoffmachining.com\\\/technology\\\/#primaryimage\",\"url\":\"https:\\\/\\\/kanoffmachining.com\\\/wp-content\\\/uploads\\\/2020\\\/10\\\/m_Nearshoring-Mexico-machining-gray-iron-casting-min-1024x684.jpg\",\"contentUrl\":\"https:\\\/\\\/kanoffmachining.com\\\/wp-content\\\/uploads\\\/2020\\\/10\\\/m_Nearshoring-Mexico-machining-gray-iron-casting-min-1024x684.jpg\"},{\"@type\":\"BreadcrumbList\",\"@id\":\"https:\\\/\\\/kanoffmachining.com\\\/technology\\\/#breadcrumb\",\"itemListElement\":[{\"@type\":\"ListItem\",\"position\":1,\"name\":\"Home\",\"item\":\"https:\\\/\\\/kanoffmachining.com\\\/\"},{\"@type\":\"ListItem\",\"position\":2,\"name\":\"Technology\"}]},{\"@type\":\"WebSite\",\"@id\":\"https:\\\/\\\/kanoffmachining.com\\\/#website\",\"url\":\"https:\\\/\\\/kanoffmachining.com\\\/\",\"name\":\"Kanoff Machining\",\"description\":\"Machined Castings\",\"publisher\":{\"@id\":\"https:\\\/\\\/kanoffmachining.com\\\/#organization\"},\"alternateName\":\"Kanoff\",\"potentialAction\":[{\"@type\":\"SearchAction\",\"target\":{\"@type\":\"EntryPoint\",\"urlTemplate\":\"https:\\\/\\\/kanoffmachining.com\\\/?s={search_term_string}\"},\"query-input\":{\"@type\":\"PropertyValueSpecification\",\"valueRequired\":true,\"valueName\":\"search_term_string\"}}],\"inLanguage\":\"es\"},{\"@type\":\"Organization\",\"@id\":\"https:\\\/\\\/kanoffmachining.com\\\/#organization\",\"name\":\"Kanoff Machining\",\"alternateName\":\"Kanoff\",\"url\":\"https:\\\/\\\/kanoffmachining.com\\\/\",\"logo\":{\"@type\":\"ImageObject\",\"inLanguage\":\"es\",\"@id\":\"https:\\\/\\\/kanoffmachining.com\\\/#\\\/schema\\\/logo\\\/image\\\/\",\"url\":\"https:\\\/\\\/kanoffmachining.com\\\/wp-content\\\/uploads\\\/2020\\\/11\\\/kanofflogo2.png\",\"contentUrl\":\"https:\\\/\\\/kanoffmachining.com\\\/wp-content\\\/uploads\\\/2020\\\/11\\\/kanofflogo2.png\",\"width\":254,\"height\":98,\"caption\":\"Kanoff Machining\"},\"image\":{\"@id\":\"https:\\\/\\\/kanoffmachining.com\\\/#\\\/schema\\\/logo\\\/image\\\/\"}}]}<\/script>\n<!-- \/ Yoast SEO plugin. -->","yoast_head_json":{"title":"Technology - Kanoff Machining","robots":{"index":"index","follow":"follow","max-snippet":"max-snippet:-1","max-image-preview":"max-image-preview:large","max-video-preview":"max-video-preview:-1"},"canonical":"https:\/\/kanoffmachining.com\/es\/technology\/","og_locale":"es_MX","og_type":"article","og_title":"Technology - Kanoff Machining","og_description":"State-of-the-art technology, for better processes Kanoff Machining has the latest generation and high precision equipment for machining industrial parts with the capacity to adapt to practically any configuration that is required in the market. Our equipment operates on all the materials commonly required in the industry, such as gray and nodular iron, bronze, aluminum, resins, [&hellip;]","og_url":"https:\/\/kanoffmachining.com\/es\/technology\/","og_site_name":"Kanoff Machining","article_modified_time":"2024-02-23T17:56:30+00:00","og_image":[{"url":"https:\/\/kanoffmachining.com\/wp-content\/uploads\/2020\/10\/m_Nearshoring-Mexico-machining-gray-iron-casting-min-1024x684.jpg","type":"","width":"","height":""}],"twitter_card":"summary_large_image","twitter_misc":{"Tiempo de lectura":"1 minuto"},"schema":{"@context":"https:\/\/schema.org","@graph":[{"@type":"WebPage","@id":"https:\/\/kanoffmachining.com\/technology\/","url":"https:\/\/kanoffmachining.com\/technology\/","name":"Technology - Kanoff Machining","isPartOf":{"@id":"https:\/\/kanoffmachining.com\/#website"},"primaryImageOfPage":{"@id":"https:\/\/kanoffmachining.com\/technology\/#primaryimage"},"image":{"@id":"https:\/\/kanoffmachining.com\/technology\/#primaryimage"},"thumbnailUrl":"https:\/\/kanoffmachining.com\/wp-content\/uploads\/2020\/10\/m_Nearshoring-Mexico-machining-gray-iron-casting-min-1024x684.jpg","datePublished":"2020-12-04T17:14:57+00:00","dateModified":"2024-02-23T17:56:30+00:00","breadcrumb":{"@id":"https:\/\/kanoffmachining.com\/technology\/#breadcrumb"},"inLanguage":"es","potentialAction":[{"@type":"ReadAction","target":["https:\/\/kanoffmachining.com\/technology\/"]}]},{"@type":"ImageObject","inLanguage":"es","@id":"https:\/\/kanoffmachining.com\/technology\/#primaryimage","url":"https:\/\/kanoffmachining.com\/wp-content\/uploads\/2020\/10\/m_Nearshoring-Mexico-machining-gray-iron-casting-min-1024x684.jpg","contentUrl":"https:\/\/kanoffmachining.com\/wp-content\/uploads\/2020\/10\/m_Nearshoring-Mexico-machining-gray-iron-casting-min-1024x684.jpg"},{"@type":"BreadcrumbList","@id":"https:\/\/kanoffmachining.com\/technology\/#breadcrumb","itemListElement":[{"@type":"ListItem","position":1,"name":"Home","item":"https:\/\/kanoffmachining.com\/"},{"@type":"ListItem","position":2,"name":"Technology"}]},{"@type":"WebSite","@id":"https:\/\/kanoffmachining.com\/#website","url":"https:\/\/kanoffmachining.com\/","name":"Kanoff Machining","description":"Machined Castings","publisher":{"@id":"https:\/\/kanoffmachining.com\/#organization"},"alternateName":"Kanoff","potentialAction":[{"@type":"SearchAction","target":{"@type":"EntryPoint","urlTemplate":"https:\/\/kanoffmachining.com\/?s={search_term_string}"},"query-input":{"@type":"PropertyValueSpecification","valueRequired":true,"valueName":"search_term_string"}}],"inLanguage":"es"},{"@type":"Organization","@id":"https:\/\/kanoffmachining.com\/#organization","name":"Kanoff Machining","alternateName":"Kanoff","url":"https:\/\/kanoffmachining.com\/","logo":{"@type":"ImageObject","inLanguage":"es","@id":"https:\/\/kanoffmachining.com\/#\/schema\/logo\/image\/","url":"https:\/\/kanoffmachining.com\/wp-content\/uploads\/2020\/11\/kanofflogo2.png","contentUrl":"https:\/\/kanoffmachining.com\/wp-content\/uploads\/2020\/11\/kanofflogo2.png","width":254,"height":98,"caption":"Kanoff Machining"},"image":{"@id":"https:\/\/kanoffmachining.com\/#\/schema\/logo\/image\/"}}]}},"_links":{"self":[{"href":"https:\/\/kanoffmachining.com\/es\/wp-json\/wp\/v2\/pages\/585","targetHints":{"allow":["GET"]}}],"collection":[{"href":"https:\/\/kanoffmachining.com\/es\/wp-json\/wp\/v2\/pages"}],"about":[{"href":"https:\/\/kanoffmachining.com\/es\/wp-json\/wp\/v2\/types\/page"}],"author":[{"embeddable":true,"href":"https:\/\/kanoffmachining.com\/es\/wp-json\/wp\/v2\/users\/1"}],"replies":[{"embeddable":true,"href":"https:\/\/kanoffmachining.com\/es\/wp-json\/wp\/v2\/comments?post=585"}],"version-history":[{"count":28,"href":"https:\/\/kanoffmachining.com\/es\/wp-json\/wp\/v2\/pages\/585\/revisions"}],"predecessor-version":[{"id":1840,"href":"https:\/\/kanoffmachining.com\/es\/wp-json\/wp\/v2\/pages\/585\/revisions\/1840"}],"wp:attachment":[{"href":"https:\/\/kanoffmachining.com\/es\/wp-json\/wp\/v2\/media?parent=585"}],"curies":[{"name":"wp","href":"https:\/\/api.w.org\/{rel}","templated":true}]}}